{"id":427,"date":"2023-12-01T14:13:58","date_gmt":"2023-12-01T13:13:58","guid":{"rendered":"https:\/\/lou-jacquemard.fr\/?page_id=427"},"modified":"2025-11-11T15:15:49","modified_gmt":"2025-11-11T14:15:49","slug":"mes-experiences-2","status":"publish","type":"page","link":"https:\/\/lou-jacquemard.fr\/index.php\/mes-experiences-2\/","title":{"rendered":"Mes exp\u00e9riences"},"content":{"rendered":"\t\t<div data-elementor-type=\"wp-page\" data-elementor-id=\"427\" class=\"elementor elementor-427\">\n\t\t\t\t\t\t\t<div class=\"elementor-element elementor-element-da1b351 e-flex e-con-boxed e-con e-parent\" data-id=\"da1b351\" data-element_type=\"container\" data-settings=\"{&quot;content_width&quot;:&quot;boxed&quot;}\" data-core-v316-plus=\"true\">\n\t\t\t\t\t<div class=\"e-con-inner\">\n\t\t\t\t<div class=\"elementor-element elementor-element-78c6842 elementor-widget elementor-widget-spacer\" data-id=\"78c6842\" data-element_type=\"widget\" data-widget_type=\"spacer.default\">\n\t\t\t\t<div class=\"elementor-widget-container\">\n\t\t\t<style>\/*! elementor - v3.17.0 - 08-11-2023 *\/\n.elementor-column .elementor-spacer-inner{height:var(--spacer-size)}.e-con{--container-widget-width:100%}.e-con-inner>.elementor-widget-spacer,.e-con>.elementor-widget-spacer{width:var(--container-widget-width,var(--spacer-size));--align-self:var(--container-widget-align-self,initial);--flex-shrink:0}.e-con-inner>.elementor-widget-spacer>.elementor-widget-container,.e-con>.elementor-widget-spacer>.elementor-widget-container{height:100%;width:100%}.e-con-inner>.elementor-widget-spacer>.elementor-widget-container>.elementor-spacer,.e-con>.elementor-widget-spacer>.elementor-widget-container>.elementor-spacer{height:100%}.e-con-inner>.elementor-widget-spacer>.elementor-widget-container>.elementor-spacer>.elementor-spacer-inner,.e-con>.elementor-widget-spacer>.elementor-widget-container>.elementor-spacer>.elementor-spacer-inner{height:var(--container-widget-height,var(--spacer-size))}.e-con-inner>.elementor-widget-spacer.elementor-widget-empty,.e-con>.elementor-widget-spacer.elementor-widget-empty{position:relative;min-height:22px;min-width:22px}.e-con-inner>.elementor-widget-spacer.elementor-widget-empty .elementor-widget-empty-icon,.e-con>.elementor-widget-spacer.elementor-widget-empty .elementor-widget-empty-icon{position:absolute;top:0;bottom:0;left:0;right:0;margin:auto;padding:0;width:22px;height:22px}<\/style>\t\t<div class=\"elementor-spacer\">\n\t\t\t<div class=\"elementor-spacer-inner\"><\/div>\n\t\t<\/div>\n\t\t\t\t<\/div>\n\t\t\t\t<\/div>\n\t\t\t\t<div class=\"elementor-element elementor-element-02f426a elementor-widget elementor-widget-heading\" data-id=\"02f426a\" data-element_type=\"widget\" data-widget_type=\"heading.default\">\n\t\t\t\t<div class=\"elementor-widget-container\">\n\t\t\t<style>\/*! elementor - v3.17.0 - 08-11-2023 *\/\n.elementor-heading-title{padding:0;margin:0;line-height:1}.elementor-widget-heading .elementor-heading-title[class*=elementor-size-]>a{color:inherit;font-size:inherit;line-height:inherit}.elementor-widget-heading .elementor-heading-title.elementor-size-small{font-size:15px}.elementor-widget-heading .elementor-heading-title.elementor-size-medium{font-size:19px}.elementor-widget-heading .elementor-heading-title.elementor-size-large{font-size:29px}.elementor-widget-heading .elementor-heading-title.elementor-size-xl{font-size:39px}.elementor-widget-heading .elementor-heading-title.elementor-size-xxl{font-size:59px}<\/style><h2 class=\"elementor-heading-title elementor-size-default\">MES EXPERIENCES <\/h2>\t\t<\/div>\n\t\t\t\t<\/div>\n\t\t\t\t<div class=\"elementor-element elementor-element-1f993e0 elementor-widget elementor-widget-spacer\" data-id=\"1f993e0\" data-element_type=\"widget\" data-widget_type=\"spacer.default\">\n\t\t\t\t<div class=\"elementor-widget-container\">\n\t\t\t\t\t<div class=\"elementor-spacer\">\n\t\t\t<div class=\"elementor-spacer-inner\"><\/div>\n\t\t<\/div>\n\t\t\t\t<\/div>\n\t\t\t\t<\/div>\n\t\t\t\t\t<\/div>\n\t\t\t\t<\/div>\n\t\t<div class=\"elementor-element elementor-element-2582609 e-flex e-con-boxed e-con e-parent\" data-id=\"2582609\" data-element_type=\"container\" data-settings=\"{&quot;content_width&quot;:&quot;boxed&quot;}\" data-core-v316-plus=\"true\">\n\t\t\t\t\t<div class=\"e-con-inner\">\n\t\t<div class=\"elementor-element elementor-element-7b65a4e e-con-full e-flex e-con e-child\" data-id=\"7b65a4e\" data-element_type=\"container\" data-settings=\"{&quot;content_width&quot;:&quot;full&quot;}\">\n\t\t\t\t<div class=\"elementor-element elementor-element-64ac472 elementor-widget elementor-widget-heading\" data-id=\"64ac472\" data-element_type=\"widget\" data-widget_type=\"heading.default\">\n\t\t\t\t<div class=\"elementor-widget-container\">\n\t\t\t<h2 class=\"elementor-heading-title elementor-size-default\">Stage - Maxcommunication<\/h2>\t\t<\/div>\n\t\t\t\t<\/div>\n\t\t\t\t<div class=\"elementor-element elementor-element-01be445 elementor-widget elementor-widget-text-editor\" data-id=\"01be445\" data-element_type=\"widget\" data-widget_type=\"text-editor.default\">\n\t\t\t\t<div class=\"elementor-widget-container\">\n\t\t\t<style>\/*! elementor - v3.17.0 - 08-11-2023 *\/\n.elementor-widget-text-editor.elementor-drop-cap-view-stacked .elementor-drop-cap{background-color:#69727d;color:#fff}.elementor-widget-text-editor.elementor-drop-cap-view-framed .elementor-drop-cap{color:#69727d;border:3px solid;background-color:transparent}.elementor-widget-text-editor:not(.elementor-drop-cap-view-default) .elementor-drop-cap{margin-top:8px}.elementor-widget-text-editor:not(.elementor-drop-cap-view-default) .elementor-drop-cap-letter{width:1em;height:1em}.elementor-widget-text-editor .elementor-drop-cap{float:left;text-align:center;line-height:1;font-size:50px}.elementor-widget-text-editor .elementor-drop-cap-letter{display:inline-block}<\/style>\t\t\t\t<p>J\u2019ai eu l\u2019opportunit\u00e9 de r\u00e9aliser mon stage de premi\u00e8re et deuxi\u00e8me ann\u00e9e de BUT Information-Communication en tant que graphiste au sein de l\u2019agence de communication Maxcommunication. Cette exp\u00e9rience d&rsquo;un mois m\u2019a permis de mettre en lumi\u00e8re les comp\u00e9tences acquises lors de ma premi\u00e8res ann\u00e9es \u00e0 l\u2019IUT.<\/p><p>J\u2019ai travaill\u00e9 sur diff\u00e9rentes missions au sein de l\u2019agence, telles que la conception de logos, la cr\u00e9ation de supports de communication print et digitaux.<\/p>\t\t\t\t\t\t<\/div>\n\t\t\t\t<\/div>\n\t\t\t\t<div class=\"elementor-element elementor-element-260849a elementor-align-right elementor-widget elementor-widget-button\" data-id=\"260849a\" data-element_type=\"widget\" data-widget_type=\"button.default\">\n\t\t\t\t<div class=\"elementor-widget-container\">\n\t\t\t\t\t<div class=\"elementor-button-wrapper\">\n\t\t\t<a class=\"elementor-button elementor-button-link elementor-size-sm\" href=\"https:\/\/www.maxcommunication.fr\/\">\n\t\t\t\t\t\t<span class=\"elementor-button-content-wrapper\">\n\t\t\t\t\t\t<span class=\"elementor-button-text\">En savoir plus<\/span>\n\t\t<\/span>\n\t\t\t\t\t<\/a>\n\t\t<\/div>\n\t\t\t\t<\/div>\n\t\t\t\t<\/div>\n\t\t\t\t<div class=\"elementor-element elementor-element-b88e045 elementor-widget elementor-widget-spacer\" data-id=\"b88e045\" data-element_type=\"widget\" data-widget_type=\"spacer.default\">\n\t\t\t\t<div class=\"elementor-widget-container\">\n\t\t\t\t\t<div class=\"elementor-spacer\">\n\t\t\t<div class=\"elementor-spacer-inner\"><\/div>\n\t\t<\/div>\n\t\t\t\t<\/div>\n\t\t\t\t<\/div>\n\t\t\t\t<\/div>\n\t\t<div class=\"elementor-element elementor-element-34c0c2d e-con-full e-flex e-con e-child\" data-id=\"34c0c2d\" data-element_type=\"container\" data-settings=\"{&quot;content_width&quot;:&quot;full&quot;}\">\n\t\t\t\t<div class=\"elementor-element elementor-element-c852ba5 elementor-widget elementor-widget-image\" data-id=\"c852ba5\" data-element_type=\"widget\" data-widget_type=\"image.default\">\n\t\t\t\t<div class=\"elementor-widget-container\">\n\t\t\t<style>\/*! elementor - v3.17.0 - 08-11-2023 *\/\n.elementor-widget-image{text-align:center}.elementor-widget-image a{display:inline-block}.elementor-widget-image a img[src$=\".svg\"]{width:48px}.elementor-widget-image img{vertical-align:middle;display:inline-block}<\/style>\t\t\t\t\t\t\t\t\t\t\t\t<img fetchpriority=\"high\" decoding=\"async\" width=\"1024\" height=\"683\" src=\"https:\/\/lou-jacquemard.fr\/wp-content\/uploads\/2023\/11\/BGA-1-1024x683.jpg\" class=\"attachment-large size-large wp-image-104\" alt=\"\" srcset=\"https:\/\/lou-jacquemard.fr\/wp-content\/uploads\/2023\/11\/BGA-1-1024x683.jpg 1024w, https:\/\/lou-jacquemard.fr\/wp-content\/uploads\/2023\/11\/BGA-1-300x200.jpg 300w, https:\/\/lou-jacquemard.fr\/wp-content\/uploads\/2023\/11\/BGA-1-768x512.jpg 768w, https:\/\/lou-jacquemard.fr\/wp-content\/uploads\/2023\/11\/BGA-1-1536x1024.jpg 1536w, https:\/\/lou-jacquemard.fr\/wp-content\/uploads\/2023\/11\/BGA-1-2048x1365.jpg 2048w\" sizes=\"(max-width: 1024px) 100vw, 1024px\" \/>\t\t\t\t\t\t\t\t\t\t\t\t\t\t\t<\/div>\n\t\t\t\t<\/div>\n\t\t\t\t<\/div>\n\t\t\t\t\t<\/div>\n\t\t\t\t<\/div>\n\t\t<div class=\"elementor-element elementor-element-f906be2 e-flex e-con-boxed e-con e-parent\" data-id=\"f906be2\" data-element_type=\"container\" data-settings=\"{&quot;content_width&quot;:&quot;boxed&quot;}\" data-core-v316-plus=\"true\">\n\t\t\t\t\t<div class=\"e-con-inner\">\n\t\t<div class=\"elementor-element elementor-element-10a3782 e-con-full e-flex e-con e-child\" data-id=\"10a3782\" data-element_type=\"container\" data-settings=\"{&quot;content_width&quot;:&quot;full&quot;}\">\n\t\t\t\t<div class=\"elementor-element elementor-element-477f566 elementor-widget elementor-widget-spacer\" data-id=\"477f566\" data-element_type=\"widget\" data-widget_type=\"spacer.default\">\n\t\t\t\t<div class=\"elementor-widget-container\">\n\t\t\t\t\t<div class=\"elementor-spacer\">\n\t\t\t<div class=\"elementor-spacer-inner\"><\/div>\n\t\t<\/div>\n\t\t\t\t<\/div>\n\t\t\t\t<\/div>\n\t\t\t\t<div class=\"elementor-element elementor-element-fe6fa53 elementor-widget elementor-widget-image\" data-id=\"fe6fa53\" data-element_type=\"widget\" data-widget_type=\"image.default\">\n\t\t\t\t<div class=\"elementor-widget-container\">\n\t\t\t\t\t\t\t\t\t\t\t\t\t\t\t<img decoding=\"async\" width=\"933\" height=\"700\" src=\"https:\/\/lou-jacquemard.fr\/wp-content\/uploads\/2025\/11\/2084242977-img9_129626_large.jpg\" class=\"attachment-large size-large wp-image-1333\" alt=\"\" srcset=\"https:\/\/lou-jacquemard.fr\/wp-content\/uploads\/2025\/11\/2084242977-img9_129626_large.jpg 933w, https:\/\/lou-jacquemard.fr\/wp-content\/uploads\/2025\/11\/2084242977-img9_129626_large-300x225.jpg 300w, https:\/\/lou-jacquemard.fr\/wp-content\/uploads\/2025\/11\/2084242977-img9_129626_large-768x576.jpg 768w\" sizes=\"(max-width: 933px) 100vw, 933px\" \/>\t\t\t\t\t\t\t\t\t\t\t\t\t\t\t<\/div>\n\t\t\t\t<\/div>\n\t\t\t\t<\/div>\n\t\t<div class=\"elementor-element elementor-element-1a066de e-con-full e-flex e-con e-child\" data-id=\"1a066de\" data-element_type=\"container\" data-settings=\"{&quot;content_width&quot;:&quot;full&quot;}\">\n\t\t\t\t<div class=\"elementor-element elementor-element-ab082e5 elementor-widget elementor-widget-spacer\" data-id=\"ab082e5\" data-element_type=\"widget\" data-widget_type=\"spacer.default\">\n\t\t\t\t<div class=\"elementor-widget-container\">\n\t\t\t\t\t<div class=\"elementor-spacer\">\n\t\t\t<div class=\"elementor-spacer-inner\"><\/div>\n\t\t<\/div>\n\t\t\t\t<\/div>\n\t\t\t\t<\/div>\n\t\t\t\t<div class=\"elementor-element elementor-element-93288d1 elementor-widget elementor-widget-heading\" data-id=\"93288d1\" data-element_type=\"widget\" data-widget_type=\"heading.default\">\n\t\t\t\t<div class=\"elementor-widget-container\">\n\t\t\t<h2 class=\"elementor-heading-title elementor-size-default\">Stage - Graphspirit<\/h2>\t\t<\/div>\n\t\t\t\t<\/div>\n\t\t\t\t<div class=\"elementor-element elementor-element-7fd8239 elementor-widget elementor-widget-text-editor\" data-id=\"7fd8239\" data-element_type=\"widget\" data-widget_type=\"text-editor.default\">\n\t\t\t\t<div class=\"elementor-widget-container\">\n\t\t\t\t\t\t\t<p data-start=\"99\" data-end=\"387\">J\u2019ai eu l\u2019opportunit\u00e9 de r\u00e9aliser mon stage de derni\u00e8re ann\u00e9e de BUT Information-Communication, parcours Publicit\u00e9, au sein de l\u2019agence de communication GraphSpirit. Cette exp\u00e9rience m\u2019a permis de mettre en pratique et de renforcer les comp\u00e9tences acquises tout au long de ma formation.<\/p><p data-start=\"389\" data-end=\"681\">Au sein de l\u2019agence, j\u2019ai particip\u00e9 \u00e0 diverses missions telles que la conception de logos, la cr\u00e9ation de supports de communication print et digitaux, la r\u00e9alisation de maquettes de publicit\u00e9s sur v\u00e9hicules, la pr\u00e9paration de BAT, l\u2019\u00e9laboration de devis ainsi que la pose sur les v\u00e9hicules.<\/p>\t\t\t\t\t\t<\/div>\n\t\t\t\t<\/div>\n\t\t\t\t<div class=\"elementor-element elementor-element-7473108 elementor-widget elementor-widget-button\" data-id=\"7473108\" data-element_type=\"widget\" data-widget_type=\"button.default\">\n\t\t\t\t<div class=\"elementor-widget-container\">\n\t\t\t\t\t<div class=\"elementor-button-wrapper\">\n\t\t\t<a class=\"elementor-button elementor-button-link elementor-size-sm\" href=\"https:\/\/graph-spirit.fr\/\">\n\t\t\t\t\t\t<span class=\"elementor-button-content-wrapper\">\n\t\t\t\t\t\t<span class=\"elementor-button-text\">En savoir plus<\/span>\n\t\t<\/span>\n\t\t\t\t\t<\/a>\n\t\t<\/div>\n\t\t\t\t<\/div>\n\t\t\t\t<\/div>\n\t\t\t\t<\/div>\n\t\t\t\t\t<\/div>\n\t\t\t\t<\/div>\n\t\t\t\t\t\t\t<\/div>\n\t\t","protected":false},"excerpt":{"rendered":"<p>MES EXPERIENCES Stage &#8211; Maxcommunication J\u2019ai eu l\u2019opportunit\u00e9 de r\u00e9aliser mon stage de premi\u00e8re et deuxi\u00e8me ann\u00e9e de BUT Information-Communication en tant que graphiste au sein de l\u2019agence de communication Maxcommunication. Cette exp\u00e9rience d&rsquo;un mois m\u2019a permis de mettre en lumi\u00e8re les comp\u00e9tences acquises lors de ma premi\u00e8res ann\u00e9es \u00e0 l\u2019IUT. J\u2019ai travaill\u00e9 sur diff\u00e9rentes [&hellip;]<\/p>\n","protected":false},"author":1,"featured_media":0,"parent":0,"menu_order":0,"comment_status":"closed","ping_status":"closed","template":"","meta":{"footnotes":""},"class_list":["post-427","page","type-page","status-publish","hentry"],"yoast_head":"<!-- This site is optimized with the Yoast SEO plugin v21.5 - https:\/\/yoast.com\/wordpress\/plugins\/seo\/ -->\n<title>Mes exp\u00e9riences - Lou Jacquemard<\/title>\n<meta name=\"robots\" content=\"index, follow, max-snippet:-1, max-image-preview:large, max-video-preview:-1\" \/>\n<link rel=\"canonical\" href=\"https:\/\/lou-jacquemard.fr\/index.php\/mes-experiences-2\/\" \/>\n<meta property=\"og:locale\" content=\"fr_FR\" \/>\n<meta property=\"og:type\" content=\"article\" \/>\n<meta property=\"og:title\" content=\"Mes exp\u00e9riences - Lou Jacquemard\" \/>\n<meta property=\"og:description\" content=\"MES EXPERIENCES Stage &#8211; Maxcommunication J\u2019ai eu l\u2019opportunit\u00e9 de r\u00e9aliser mon stage de premi\u00e8re et deuxi\u00e8me ann\u00e9e de BUT Information-Communication en tant que graphiste au sein de l\u2019agence de communication Maxcommunication. Cette exp\u00e9rience d&rsquo;un mois m\u2019a permis de mettre en lumi\u00e8re les comp\u00e9tences acquises lors de ma premi\u00e8res ann\u00e9es \u00e0 l\u2019IUT. J\u2019ai travaill\u00e9 sur diff\u00e9rentes [&hellip;]\" \/>\n<meta property=\"og:url\" content=\"https:\/\/lou-jacquemard.fr\/index.php\/mes-experiences-2\/\" \/>\n<meta property=\"og:site_name\" content=\"Lou Jacquemard\" \/>\n<meta property=\"article:modified_time\" content=\"2025-11-11T14:15:49+00:00\" \/>\n<meta property=\"og:image\" content=\"http:\/\/lou-jacquemard.fr\/wp-content\/uploads\/2023\/11\/BGA-1-1024x683.jpg\" \/>\n<meta name=\"twitter:card\" content=\"summary_large_image\" \/>\n<meta name=\"twitter:label1\" content=\"Dur\u00e9e de lecture estim\u00e9e\" \/>\n\t<meta name=\"twitter:data1\" content=\"2 minutes\" \/>\n<script type=\"application\/ld+json\" class=\"yoast-schema-graph\">{\"@context\":\"https:\/\/schema.org\",\"@graph\":[{\"@type\":\"WebPage\",\"@id\":\"https:\/\/lou-jacquemard.fr\/index.php\/mes-experiences-2\/\",\"url\":\"https:\/\/lou-jacquemard.fr\/index.php\/mes-experiences-2\/\",\"name\":\"Mes exp\u00e9riences - Lou Jacquemard\",\"isPartOf\":{\"@id\":\"https:\/\/lou-jacquemard.fr\/#website\"},\"datePublished\":\"2023-12-01T13:13:58+00:00\",\"dateModified\":\"2025-11-11T14:15:49+00:00\",\"breadcrumb\":{\"@id\":\"https:\/\/lou-jacquemard.fr\/index.php\/mes-experiences-2\/#breadcrumb\"},\"inLanguage\":\"fr-FR\",\"potentialAction\":[{\"@type\":\"ReadAction\",\"target\":[\"https:\/\/lou-jacquemard.fr\/index.php\/mes-experiences-2\/\"]}]},{\"@type\":\"BreadcrumbList\",\"@id\":\"https:\/\/lou-jacquemard.fr\/index.php\/mes-experiences-2\/#breadcrumb\",\"itemListElement\":[{\"@type\":\"ListItem\",\"position\":1,\"name\":\"Accueil\",\"item\":\"https:\/\/lou-jacquemard.fr\/\"},{\"@type\":\"ListItem\",\"position\":2,\"name\":\"Mes exp\u00e9riences\"}]},{\"@type\":\"WebSite\",\"@id\":\"https:\/\/lou-jacquemard.fr\/#website\",\"url\":\"https:\/\/lou-jacquemard.fr\/\",\"name\":\"Lou Jacquemard\",\"description\":\"\",\"publisher\":{\"@id\":\"https:\/\/lou-jacquemard.fr\/#organization\"},\"potentialAction\":[{\"@type\":\"SearchAction\",\"target\":{\"@type\":\"EntryPoint\",\"urlTemplate\":\"https:\/\/lou-jacquemard.fr\/?s={search_term_string}\"},\"query-input\":\"required name=search_term_string\"}],\"inLanguage\":\"fr-FR\"},{\"@type\":\"Organization\",\"@id\":\"https:\/\/lou-jacquemard.fr\/#organization\",\"name\":\"Lou Jacquemard\",\"url\":\"https:\/\/lou-jacquemard.fr\/\",\"logo\":{\"@type\":\"ImageObject\",\"inLanguage\":\"fr-FR\",\"@id\":\"https:\/\/lou-jacquemard.fr\/#\/schema\/logo\/image\/\",\"url\":\"https:\/\/lou-jacquemard.fr\/wp-content\/uploads\/2023\/11\/83794EE3-433F-4FB0-ACD3-2B310F667864-removebg-preview-1.png\",\"contentUrl\":\"https:\/\/lou-jacquemard.fr\/wp-content\/uploads\/2023\/11\/83794EE3-433F-4FB0-ACD3-2B310F667864-removebg-preview-1.png\",\"width\":120,\"height\":124,\"caption\":\"Lou Jacquemard\"},\"image\":{\"@id\":\"https:\/\/lou-jacquemard.fr\/#\/schema\/logo\/image\/\"}}]}<\/script>\n<!-- \/ Yoast SEO plugin. -->","yoast_head_json":{"title":"Mes exp\u00e9riences - Lou Jacquemard","robots":{"index":"index","follow":"follow","max-snippet":"max-snippet:-1","max-image-preview":"max-image-preview:large","max-video-preview":"max-video-preview:-1"},"canonical":"https:\/\/lou-jacquemard.fr\/index.php\/mes-experiences-2\/","og_locale":"fr_FR","og_type":"article","og_title":"Mes exp\u00e9riences - Lou Jacquemard","og_description":"MES EXPERIENCES Stage &#8211; Maxcommunication J\u2019ai eu l\u2019opportunit\u00e9 de r\u00e9aliser mon stage de premi\u00e8re et deuxi\u00e8me ann\u00e9e de BUT Information-Communication en tant que graphiste au sein de l\u2019agence de communication Maxcommunication. Cette exp\u00e9rience d&rsquo;un mois m\u2019a permis de mettre en lumi\u00e8re les comp\u00e9tences acquises lors de ma premi\u00e8res ann\u00e9es \u00e0 l\u2019IUT. J\u2019ai travaill\u00e9 sur diff\u00e9rentes [&hellip;]","og_url":"https:\/\/lou-jacquemard.fr\/index.php\/mes-experiences-2\/","og_site_name":"Lou Jacquemard","article_modified_time":"2025-11-11T14:15:49+00:00","og_image":[{"url":"http:\/\/lou-jacquemard.fr\/wp-content\/uploads\/2023\/11\/BGA-1-1024x683.jpg"}],"twitter_card":"summary_large_image","twitter_misc":{"Dur\u00e9e de lecture estim\u00e9e":"2 minutes"},"schema":{"@context":"https:\/\/schema.org","@graph":[{"@type":"WebPage","@id":"https:\/\/lou-jacquemard.fr\/index.php\/mes-experiences-2\/","url":"https:\/\/lou-jacquemard.fr\/index.php\/mes-experiences-2\/","name":"Mes exp\u00e9riences - Lou Jacquemard","isPartOf":{"@id":"https:\/\/lou-jacquemard.fr\/#website"},"datePublished":"2023-12-01T13:13:58+00:00","dateModified":"2025-11-11T14:15:49+00:00","breadcrumb":{"@id":"https:\/\/lou-jacquemard.fr\/index.php\/mes-experiences-2\/#breadcrumb"},"inLanguage":"fr-FR","potentialAction":[{"@type":"ReadAction","target":["https:\/\/lou-jacquemard.fr\/index.php\/mes-experiences-2\/"]}]},{"@type":"BreadcrumbList","@id":"https:\/\/lou-jacquemard.fr\/index.php\/mes-experiences-2\/#breadcrumb","itemListElement":[{"@type":"ListItem","position":1,"name":"Accueil","item":"https:\/\/lou-jacquemard.fr\/"},{"@type":"ListItem","position":2,"name":"Mes exp\u00e9riences"}]},{"@type":"WebSite","@id":"https:\/\/lou-jacquemard.fr\/#website","url":"https:\/\/lou-jacquemard.fr\/","name":"Lou Jacquemard","description":"","publisher":{"@id":"https:\/\/lou-jacquemard.fr\/#organization"},"potentialAction":[{"@type":"SearchAction","target":{"@type":"EntryPoint","urlTemplate":"https:\/\/lou-jacquemard.fr\/?s={search_term_string}"},"query-input":"required name=search_term_string"}],"inLanguage":"fr-FR"},{"@type":"Organization","@id":"https:\/\/lou-jacquemard.fr\/#organization","name":"Lou Jacquemard","url":"https:\/\/lou-jacquemard.fr\/","logo":{"@type":"ImageObject","inLanguage":"fr-FR","@id":"https:\/\/lou-jacquemard.fr\/#\/schema\/logo\/image\/","url":"https:\/\/lou-jacquemard.fr\/wp-content\/uploads\/2023\/11\/83794EE3-433F-4FB0-ACD3-2B310F667864-removebg-preview-1.png","contentUrl":"https:\/\/lou-jacquemard.fr\/wp-content\/uploads\/2023\/11\/83794EE3-433F-4FB0-ACD3-2B310F667864-removebg-preview-1.png","width":120,"height":124,"caption":"Lou Jacquemard"},"image":{"@id":"https:\/\/lou-jacquemard.fr\/#\/schema\/logo\/image\/"}}]}},"_links":{"self":[{"href":"https:\/\/lou-jacquemard.fr\/index.php\/wp-json\/wp\/v2\/pages\/427","targetHints":{"allow":["GET"]}}],"collection":[{"href":"https:\/\/lou-jacquemard.fr\/index.php\/wp-json\/wp\/v2\/pages"}],"about":[{"href":"https:\/\/lou-jacquemard.fr\/index.php\/wp-json\/wp\/v2\/types\/page"}],"author":[{"embeddable":true,"href":"https:\/\/lou-jacquemard.fr\/index.php\/wp-json\/wp\/v2\/users\/1"}],"replies":[{"embeddable":true,"href":"https:\/\/lou-jacquemard.fr\/index.php\/wp-json\/wp\/v2\/comments?post=427"}],"version-history":[{"count":28,"href":"https:\/\/lou-jacquemard.fr\/index.php\/wp-json\/wp\/v2\/pages\/427\/revisions"}],"predecessor-version":[{"id":1336,"href":"https:\/\/lou-jacquemard.fr\/index.php\/wp-json\/wp\/v2\/pages\/427\/revisions\/1336"}],"wp:attachment":[{"href":"https:\/\/lou-jacquemard.fr\/index.php\/wp-json\/wp\/v2\/media?parent=427"}],"curies":[{"name":"wp","href":"https:\/\/api.w.org\/{rel}","templated":true}]}}