{"id":424,"date":"2023-12-01T14:13:15","date_gmt":"2023-12-01T13:13:15","guid":{"rendered":"https:\/\/lou-jacquemard.fr\/?page_id=424"},"modified":"2025-11-11T15:03:47","modified_gmt":"2025-11-11T14:03:47","slug":"challenge","status":"publish","type":"page","link":"https:\/\/lou-jacquemard.fr\/index.php\/challenge\/","title":{"rendered":"Challenges"},"content":{"rendered":"\t\t<div data-elementor-type=\"wp-page\" data-elementor-id=\"424\" class=\"elementor elementor-424\">\n\t\t\t\t\t\t\t<div class=\"elementor-element elementor-element-b5dec10 e-flex e-con-boxed e-con e-parent\" data-id=\"b5dec10\" data-element_type=\"container\" data-settings=\"{&quot;content_width&quot;:&quot;boxed&quot;}\" data-core-v316-plus=\"true\">\n\t\t\t\t\t<div class=\"e-con-inner\">\n\t\t\t\t<div class=\"elementor-element elementor-element-0f0c0f4 elementor-widget elementor-widget-spacer\" data-id=\"0f0c0f4\" data-element_type=\"widget\" data-widget_type=\"spacer.default\">\n\t\t\t\t<div class=\"elementor-widget-container\">\n\t\t\t<style>\/*! elementor - v3.17.0 - 08-11-2023 *\/\n.elementor-column .elementor-spacer-inner{height:var(--spacer-size)}.e-con{--container-widget-width:100%}.e-con-inner>.elementor-widget-spacer,.e-con>.elementor-widget-spacer{width:var(--container-widget-width,var(--spacer-size));--align-self:var(--container-widget-align-self,initial);--flex-shrink:0}.e-con-inner>.elementor-widget-spacer>.elementor-widget-container,.e-con>.elementor-widget-spacer>.elementor-widget-container{height:100%;width:100%}.e-con-inner>.elementor-widget-spacer>.elementor-widget-container>.elementor-spacer,.e-con>.elementor-widget-spacer>.elementor-widget-container>.elementor-spacer{height:100%}.e-con-inner>.elementor-widget-spacer>.elementor-widget-container>.elementor-spacer>.elementor-spacer-inner,.e-con>.elementor-widget-spacer>.elementor-widget-container>.elementor-spacer>.elementor-spacer-inner{height:var(--container-widget-height,var(--spacer-size))}.e-con-inner>.elementor-widget-spacer.elementor-widget-empty,.e-con>.elementor-widget-spacer.elementor-widget-empty{position:relative;min-height:22px;min-width:22px}.e-con-inner>.elementor-widget-spacer.elementor-widget-empty .elementor-widget-empty-icon,.e-con>.elementor-widget-spacer.elementor-widget-empty .elementor-widget-empty-icon{position:absolute;top:0;bottom:0;left:0;right:0;margin:auto;padding:0;width:22px;height:22px}<\/style>\t\t<div class=\"elementor-spacer\">\n\t\t\t<div class=\"elementor-spacer-inner\"><\/div>\n\t\t<\/div>\n\t\t\t\t<\/div>\n\t\t\t\t<\/div>\n\t\t\t\t<div class=\"elementor-element elementor-element-548e72f elementor-widget elementor-widget-heading\" data-id=\"548e72f\" data-element_type=\"widget\" data-widget_type=\"heading.default\">\n\t\t\t\t<div class=\"elementor-widget-container\">\n\t\t\t<style>\/*! elementor - v3.17.0 - 08-11-2023 *\/\n.elementor-heading-title{padding:0;margin:0;line-height:1}.elementor-widget-heading .elementor-heading-title[class*=elementor-size-]>a{color:inherit;font-size:inherit;line-height:inherit}.elementor-widget-heading .elementor-heading-title.elementor-size-small{font-size:15px}.elementor-widget-heading .elementor-heading-title.elementor-size-medium{font-size:19px}.elementor-widget-heading .elementor-heading-title.elementor-size-large{font-size:29px}.elementor-widget-heading .elementor-heading-title.elementor-size-xl{font-size:39px}.elementor-widget-heading .elementor-heading-title.elementor-size-xxl{font-size:59px}<\/style><h2 class=\"elementor-heading-title elementor-size-default\">CHALLENGES<\/h2>\t\t<\/div>\n\t\t\t\t<\/div>\n\t\t\t\t<div class=\"elementor-element elementor-element-f79d6ab elementor-widget elementor-widget-spacer\" data-id=\"f79d6ab\" data-element_type=\"widget\" data-widget_type=\"spacer.default\">\n\t\t\t\t<div class=\"elementor-widget-container\">\n\t\t\t\t\t<div class=\"elementor-spacer\">\n\t\t\t<div class=\"elementor-spacer-inner\"><\/div>\n\t\t<\/div>\n\t\t\t\t<\/div>\n\t\t\t\t<\/div>\n\t\t\t\t<div class=\"elementor-element elementor-element-aa0ba40 elementor-widget elementor-widget-text-editor\" data-id=\"aa0ba40\" data-element_type=\"widget\" data-widget_type=\"text-editor.default\">\n\t\t\t\t<div class=\"elementor-widget-container\">\n\t\t\t<style>\/*! elementor - v3.17.0 - 08-11-2023 *\/\n.elementor-widget-text-editor.elementor-drop-cap-view-stacked .elementor-drop-cap{background-color:#69727d;color:#fff}.elementor-widget-text-editor.elementor-drop-cap-view-framed .elementor-drop-cap{color:#69727d;border:3px solid;background-color:transparent}.elementor-widget-text-editor:not(.elementor-drop-cap-view-default) .elementor-drop-cap{margin-top:8px}.elementor-widget-text-editor:not(.elementor-drop-cap-view-default) .elementor-drop-cap-letter{width:1em;height:1em}.elementor-widget-text-editor .elementor-drop-cap{float:left;text-align:center;line-height:1;font-size:50px}.elementor-widget-text-editor .elementor-drop-cap-letter{display:inline-block}<\/style>\t\t\t\t<p style=\"text-align: center;\" data-start=\"68\" data-end=\"319\">Durant ces trois ann\u00e9es d\u2019\u00e9tudes, nous avons relev\u00e9 plusieurs challenges pour des entreprises comme Maty, Le Franc-Comtois, Ofyr ou FCC Entreprise, en r\u00e9pondant \u00e0 leurs briefs r\u00e9els pour renforcer leur notori\u00e9t\u00e9 et proposer des strat\u00e9gies cr\u00e9atives.<\/p>\t\t\t\t\t\t<\/div>\n\t\t\t\t<\/div>\n\t\t\t\t<div class=\"elementor-element elementor-element-fd84c12 elementor-widget elementor-widget-spacer\" data-id=\"fd84c12\" data-element_type=\"widget\" data-widget_type=\"spacer.default\">\n\t\t\t\t<div class=\"elementor-widget-container\">\n\t\t\t\t\t<div class=\"elementor-spacer\">\n\t\t\t<div class=\"elementor-spacer-inner\"><\/div>\n\t\t<\/div>\n\t\t\t\t<\/div>\n\t\t\t\t<\/div>\n\t\t\t\t\t<\/div>\n\t\t\t\t<\/div>\n\t\t<div class=\"elementor-element elementor-element-d0c7321 e-flex e-con-boxed e-con e-parent\" data-id=\"d0c7321\" data-element_type=\"container\" data-settings=\"{&quot;content_width&quot;:&quot;boxed&quot;}\" data-core-v316-plus=\"true\">\n\t\t\t\t\t<div class=\"e-con-inner\">\n\t\t<div class=\"elementor-element elementor-element-40d5af7 e-con-full e-flex e-con e-child\" data-id=\"40d5af7\" data-element_type=\"container\" data-settings=\"{&quot;content_width&quot;:&quot;full&quot;}\">\n\t\t\t\t<div class=\"elementor-element elementor-element-e197e8c elementor-widget elementor-widget-spacer\" data-id=\"e197e8c\" data-element_type=\"widget\" data-widget_type=\"spacer.default\">\n\t\t\t\t<div class=\"elementor-widget-container\">\n\t\t\t\t\t<div class=\"elementor-spacer\">\n\t\t\t<div class=\"elementor-spacer-inner\"><\/div>\n\t\t<\/div>\n\t\t\t\t<\/div>\n\t\t\t\t<\/div>\n\t\t\t\t<div class=\"elementor-element elementor-element-84a1402 elementor-widget elementor-widget-heading\" data-id=\"84a1402\" data-element_type=\"widget\" data-widget_type=\"heading.default\">\n\t\t\t\t<div class=\"elementor-widget-container\">\n\t\t\t<h2 class=\"elementor-heading-title elementor-size-default\">MATY BIJOUTERIE<\/h2>\t\t<\/div>\n\t\t\t\t<\/div>\n\t\t\t\t<div class=\"elementor-element elementor-element-2ab118b elementor-widget elementor-widget-text-editor\" data-id=\"2ab118b\" data-element_type=\"widget\" data-widget_type=\"text-editor.default\">\n\t\t\t\t<div class=\"elementor-widget-container\">\n\t\t\t\t\t\t\t<p><span style=\"font-family: var( --e-global-typography-text-font-family ), Sans-serif; font-size: var(--wp--preset--font-size--normal); font-weight: var( --e-global-typography-text-font-weight ); text-align: var(--text-align);\">Nous disposions de 5 jours pour leur proposer une recommandation et ainsi r\u00e9pondre au brief que nous avions re\u00e7u.<\/span><\/p><p>Nous avons donc confront\u00e9s nos id\u00e9es pour arriver \u00e0 trouver notre fil rouge qui \u00e9tait \u00ab\u00a0or \u00e9ternel\u00a0\u00bb<\/p>\t\t\t\t\t\t<\/div>\n\t\t\t\t<\/div>\n\t\t\t\t<\/div>\n\t\t<div class=\"elementor-element elementor-element-b441584 e-con-full e-flex e-con e-child\" data-id=\"b441584\" data-element_type=\"container\" data-settings=\"{&quot;content_width&quot;:&quot;full&quot;}\">\n\t\t\t\t<div class=\"elementor-element elementor-element-869ad07 elementor-widget elementor-widget-image\" data-id=\"869ad07\" data-element_type=\"widget\" data-widget_type=\"image.default\">\n\t\t\t\t<div class=\"elementor-widget-container\">\n\t\t\t<style>\/*! elementor - v3.17.0 - 08-11-2023 *\/\n.elementor-widget-image{text-align:center}.elementor-widget-image a{display:inline-block}.elementor-widget-image a img[src$=\".svg\"]{width:48px}.elementor-widget-image img{vertical-align:middle;display:inline-block}<\/style>\t\t\t\t\t\t\t\t\t\t\t\t<img fetchpriority=\"high\" decoding=\"async\" width=\"563\" height=\"220\" src=\"https:\/\/lou-jacquemard.fr\/wp-content\/uploads\/2023\/12\/logo-maty__1_-removebg-preview.png\" class=\"attachment-large size-large wp-image-905\" alt=\"\" srcset=\"https:\/\/lou-jacquemard.fr\/wp-content\/uploads\/2023\/12\/logo-maty__1_-removebg-preview.png 563w, https:\/\/lou-jacquemard.fr\/wp-content\/uploads\/2023\/12\/logo-maty__1_-removebg-preview-300x117.png 300w\" sizes=\"(max-width: 563px) 100vw, 563px\" \/>\t\t\t\t\t\t\t\t\t\t\t\t\t\t\t<\/div>\n\t\t\t\t<\/div>\n\t\t\t\t<div class=\"elementor-element elementor-element-b8c873e elementor-widget elementor-widget-spacer\" data-id=\"b8c873e\" data-element_type=\"widget\" data-widget_type=\"spacer.default\">\n\t\t\t\t<div class=\"elementor-widget-container\">\n\t\t\t\t\t<div class=\"elementor-spacer\">\n\t\t\t<div class=\"elementor-spacer-inner\"><\/div>\n\t\t<\/div>\n\t\t\t\t<\/div>\n\t\t\t\t<\/div>\n\t\t\t\t<\/div>\n\t\t\t\t\t<\/div>\n\t\t\t\t<\/div>\n\t\t<div class=\"elementor-element elementor-element-40e39a4 e-flex e-con-boxed e-con e-parent\" data-id=\"40e39a4\" data-element_type=\"container\" data-settings=\"{&quot;content_width&quot;:&quot;boxed&quot;}\" data-core-v316-plus=\"true\">\n\t\t\t\t\t<div class=\"e-con-inner\">\n\t\t<div class=\"elementor-element elementor-element-4e4282c e-con-full e-flex e-con e-child\" data-id=\"4e4282c\" data-element_type=\"container\" data-settings=\"{&quot;content_width&quot;:&quot;full&quot;}\">\n\t\t\t\t<div class=\"elementor-element elementor-element-c8c52c6 elementor-widget elementor-widget-image\" data-id=\"c8c52c6\" data-element_type=\"widget\" data-widget_type=\"image.default\">\n\t\t\t\t<div class=\"elementor-widget-container\">\n\t\t\t\t\t\t\t\t\t\t\t\t\t\t\t<img decoding=\"async\" width=\"684\" height=\"365\" src=\"https:\/\/lou-jacquemard.fr\/wp-content\/uploads\/2023\/12\/LeFrancomtois-removebg-preview.png\" class=\"attachment-large size-large wp-image-913\" alt=\"\" srcset=\"https:\/\/lou-jacquemard.fr\/wp-content\/uploads\/2023\/12\/LeFrancomtois-removebg-preview.png 684w, https:\/\/lou-jacquemard.fr\/wp-content\/uploads\/2023\/12\/LeFrancomtois-removebg-preview-300x160.png 300w\" sizes=\"(max-width: 684px) 100vw, 684px\" \/>\t\t\t\t\t\t\t\t\t\t\t\t\t\t\t<\/div>\n\t\t\t\t<\/div>\n\t\t\t\t<\/div>\n\t\t<div class=\"elementor-element elementor-element-4f541e8 e-con-full e-flex e-con e-child\" data-id=\"4f541e8\" data-element_type=\"container\" data-settings=\"{&quot;content_width&quot;:&quot;full&quot;}\">\n\t\t\t\t<div class=\"elementor-element elementor-element-379a07f elementor-widget elementor-widget-heading\" data-id=\"379a07f\" data-element_type=\"widget\" data-widget_type=\"heading.default\">\n\t\t\t\t<div class=\"elementor-widget-container\">\n\t\t\t<h2 class=\"elementor-heading-title elementor-size-default\">LE FRANCOMTOIS<\/h2>\t\t<\/div>\n\t\t\t\t<\/div>\n\t\t\t\t<div class=\"elementor-element elementor-element-6514a21 elementor-widget elementor-widget-text-editor\" data-id=\"6514a21\" data-element_type=\"widget\" data-widget_type=\"text-editor.default\">\n\t\t\t\t<div class=\"elementor-widget-container\">\n\t\t\t\t\t\t\t<p>Nous disposions de 2 mois pour leur proposer une recommandation et ainsi r\u00e9pondre au brief que nous avions re\u00e7u.<\/p>\n<p>Nous avons donc confront\u00e9s nos id\u00e9es pour arriver \u00e0 trouver notre fil rouge qui \u00e9tait \u00ab\u00a0En nous, en vous\u00a0\u00bb<\/p>\t\t\t\t\t\t<\/div>\n\t\t\t\t<\/div>\n\t\t\t\t<\/div>\n\t\t\t\t\t<\/div>\n\t\t\t\t<\/div>\n\t\t\t\t\t\t\t<\/div>\n\t\t","protected":false},"excerpt":{"rendered":"<p>CHALLENGES Durant ces trois ann\u00e9es d\u2019\u00e9tudes, nous avons relev\u00e9 plusieurs challenges pour des entreprises comme Maty, Le Franc-Comtois, Ofyr ou FCC Entreprise, en r\u00e9pondant \u00e0 leurs briefs r\u00e9els pour renforcer leur notori\u00e9t\u00e9 et proposer des strat\u00e9gies cr\u00e9atives. MATY BIJOUTERIE Nous disposions de 5 jours pour leur proposer une recommandation et ainsi r\u00e9pondre au brief que [&hellip;]<\/p>\n","protected":false},"author":1,"featured_media":0,"parent":0,"menu_order":0,"comment_status":"closed","ping_status":"closed","template":"","meta":{"footnotes":""},"class_list":["post-424","page","type-page","status-publish","hentry"],"yoast_head":"<!-- This site is optimized with the Yoast SEO plugin v21.5 - https:\/\/yoast.com\/wordpress\/plugins\/seo\/ -->\n<title>Challenges - Lou Jacquemard<\/title>\n<meta name=\"robots\" content=\"index, follow, max-snippet:-1, max-image-preview:large, max-video-preview:-1\" \/>\n<link rel=\"canonical\" href=\"https:\/\/lou-jacquemard.fr\/index.php\/challenge\/\" \/>\n<meta property=\"og:locale\" content=\"fr_FR\" \/>\n<meta property=\"og:type\" content=\"article\" \/>\n<meta property=\"og:title\" content=\"Challenges - Lou Jacquemard\" \/>\n<meta property=\"og:description\" content=\"CHALLENGES Durant ces trois ann\u00e9es d\u2019\u00e9tudes, nous avons relev\u00e9 plusieurs challenges pour des entreprises comme Maty, Le Franc-Comtois, Ofyr ou FCC Entreprise, en r\u00e9pondant \u00e0 leurs briefs r\u00e9els pour renforcer leur notori\u00e9t\u00e9 et proposer des strat\u00e9gies cr\u00e9atives. MATY BIJOUTERIE Nous disposions de 5 jours pour leur proposer une recommandation et ainsi r\u00e9pondre au brief que [&hellip;]\" \/>\n<meta property=\"og:url\" content=\"https:\/\/lou-jacquemard.fr\/index.php\/challenge\/\" \/>\n<meta property=\"og:site_name\" content=\"Lou Jacquemard\" \/>\n<meta property=\"article:modified_time\" content=\"2025-11-11T14:03:47+00:00\" \/>\n<meta property=\"og:image\" content=\"http:\/\/lou-jacquemard.fr\/wp-content\/uploads\/2023\/12\/logo-maty__1_-removebg-preview.png\" \/>\n<meta name=\"twitter:card\" content=\"summary_large_image\" \/>\n<meta name=\"twitter:label1\" content=\"Dur\u00e9e de lecture estim\u00e9e\" \/>\n\t<meta name=\"twitter:data1\" content=\"1 minute\" \/>\n<script type=\"application\/ld+json\" class=\"yoast-schema-graph\">{\"@context\":\"https:\/\/schema.org\",\"@graph\":[{\"@type\":\"WebPage\",\"@id\":\"https:\/\/lou-jacquemard.fr\/index.php\/challenge\/\",\"url\":\"https:\/\/lou-jacquemard.fr\/index.php\/challenge\/\",\"name\":\"Challenges - Lou Jacquemard\",\"isPartOf\":{\"@id\":\"https:\/\/lou-jacquemard.fr\/#website\"},\"datePublished\":\"2023-12-01T13:13:15+00:00\",\"dateModified\":\"2025-11-11T14:03:47+00:00\",\"breadcrumb\":{\"@id\":\"https:\/\/lou-jacquemard.fr\/index.php\/challenge\/#breadcrumb\"},\"inLanguage\":\"fr-FR\",\"potentialAction\":[{\"@type\":\"ReadAction\",\"target\":[\"https:\/\/lou-jacquemard.fr\/index.php\/challenge\/\"]}]},{\"@type\":\"BreadcrumbList\",\"@id\":\"https:\/\/lou-jacquemard.fr\/index.php\/challenge\/#breadcrumb\",\"itemListElement\":[{\"@type\":\"ListItem\",\"position\":1,\"name\":\"Accueil\",\"item\":\"https:\/\/lou-jacquemard.fr\/\"},{\"@type\":\"ListItem\",\"position\":2,\"name\":\"Challenges\"}]},{\"@type\":\"WebSite\",\"@id\":\"https:\/\/lou-jacquemard.fr\/#website\",\"url\":\"https:\/\/lou-jacquemard.fr\/\",\"name\":\"Lou Jacquemard\",\"description\":\"\",\"publisher\":{\"@id\":\"https:\/\/lou-jacquemard.fr\/#organization\"},\"potentialAction\":[{\"@type\":\"SearchAction\",\"target\":{\"@type\":\"EntryPoint\",\"urlTemplate\":\"https:\/\/lou-jacquemard.fr\/?s={search_term_string}\"},\"query-input\":\"required name=search_term_string\"}],\"inLanguage\":\"fr-FR\"},{\"@type\":\"Organization\",\"@id\":\"https:\/\/lou-jacquemard.fr\/#organization\",\"name\":\"Lou Jacquemard\",\"url\":\"https:\/\/lou-jacquemard.fr\/\",\"logo\":{\"@type\":\"ImageObject\",\"inLanguage\":\"fr-FR\",\"@id\":\"https:\/\/lou-jacquemard.fr\/#\/schema\/logo\/image\/\",\"url\":\"https:\/\/lou-jacquemard.fr\/wp-content\/uploads\/2023\/11\/83794EE3-433F-4FB0-ACD3-2B310F667864-removebg-preview-1.png\",\"contentUrl\":\"https:\/\/lou-jacquemard.fr\/wp-content\/uploads\/2023\/11\/83794EE3-433F-4FB0-ACD3-2B310F667864-removebg-preview-1.png\",\"width\":120,\"height\":124,\"caption\":\"Lou Jacquemard\"},\"image\":{\"@id\":\"https:\/\/lou-jacquemard.fr\/#\/schema\/logo\/image\/\"}}]}<\/script>\n<!-- \/ Yoast SEO plugin. -->","yoast_head_json":{"title":"Challenges - Lou Jacquemard","robots":{"index":"index","follow":"follow","max-snippet":"max-snippet:-1","max-image-preview":"max-image-preview:large","max-video-preview":"max-video-preview:-1"},"canonical":"https:\/\/lou-jacquemard.fr\/index.php\/challenge\/","og_locale":"fr_FR","og_type":"article","og_title":"Challenges - Lou Jacquemard","og_description":"CHALLENGES Durant ces trois ann\u00e9es d\u2019\u00e9tudes, nous avons relev\u00e9 plusieurs challenges pour des entreprises comme Maty, Le Franc-Comtois, Ofyr ou FCC Entreprise, en r\u00e9pondant \u00e0 leurs briefs r\u00e9els pour renforcer leur notori\u00e9t\u00e9 et proposer des strat\u00e9gies cr\u00e9atives. MATY BIJOUTERIE Nous disposions de 5 jours pour leur proposer une recommandation et ainsi r\u00e9pondre au brief que [&hellip;]","og_url":"https:\/\/lou-jacquemard.fr\/index.php\/challenge\/","og_site_name":"Lou Jacquemard","article_modified_time":"2025-11-11T14:03:47+00:00","og_image":[{"url":"http:\/\/lou-jacquemard.fr\/wp-content\/uploads\/2023\/12\/logo-maty__1_-removebg-preview.png"}],"twitter_card":"summary_large_image","twitter_misc":{"Dur\u00e9e de lecture estim\u00e9e":"1 minute"},"schema":{"@context":"https:\/\/schema.org","@graph":[{"@type":"WebPage","@id":"https:\/\/lou-jacquemard.fr\/index.php\/challenge\/","url":"https:\/\/lou-jacquemard.fr\/index.php\/challenge\/","name":"Challenges - Lou Jacquemard","isPartOf":{"@id":"https:\/\/lou-jacquemard.fr\/#website"},"datePublished":"2023-12-01T13:13:15+00:00","dateModified":"2025-11-11T14:03:47+00:00","breadcrumb":{"@id":"https:\/\/lou-jacquemard.fr\/index.php\/challenge\/#breadcrumb"},"inLanguage":"fr-FR","potentialAction":[{"@type":"ReadAction","target":["https:\/\/lou-jacquemard.fr\/index.php\/challenge\/"]}]},{"@type":"BreadcrumbList","@id":"https:\/\/lou-jacquemard.fr\/index.php\/challenge\/#breadcrumb","itemListElement":[{"@type":"ListItem","position":1,"name":"Accueil","item":"https:\/\/lou-jacquemard.fr\/"},{"@type":"ListItem","position":2,"name":"Challenges"}]},{"@type":"WebSite","@id":"https:\/\/lou-jacquemard.fr\/#website","url":"https:\/\/lou-jacquemard.fr\/","name":"Lou Jacquemard","description":"","publisher":{"@id":"https:\/\/lou-jacquemard.fr\/#organization"},"potentialAction":[{"@type":"SearchAction","target":{"@type":"EntryPoint","urlTemplate":"https:\/\/lou-jacquemard.fr\/?s={search_term_string}"},"query-input":"required name=search_term_string"}],"inLanguage":"fr-FR"},{"@type":"Organization","@id":"https:\/\/lou-jacquemard.fr\/#organization","name":"Lou Jacquemard","url":"https:\/\/lou-jacquemard.fr\/","logo":{"@type":"ImageObject","inLanguage":"fr-FR","@id":"https:\/\/lou-jacquemard.fr\/#\/schema\/logo\/image\/","url":"https:\/\/lou-jacquemard.fr\/wp-content\/uploads\/2023\/11\/83794EE3-433F-4FB0-ACD3-2B310F667864-removebg-preview-1.png","contentUrl":"https:\/\/lou-jacquemard.fr\/wp-content\/uploads\/2023\/11\/83794EE3-433F-4FB0-ACD3-2B310F667864-removebg-preview-1.png","width":120,"height":124,"caption":"Lou Jacquemard"},"image":{"@id":"https:\/\/lou-jacquemard.fr\/#\/schema\/logo\/image\/"}}]}},"_links":{"self":[{"href":"https:\/\/lou-jacquemard.fr\/index.php\/wp-json\/wp\/v2\/pages\/424","targetHints":{"allow":["GET"]}}],"collection":[{"href":"https:\/\/lou-jacquemard.fr\/index.php\/wp-json\/wp\/v2\/pages"}],"about":[{"href":"https:\/\/lou-jacquemard.fr\/index.php\/wp-json\/wp\/v2\/types\/page"}],"author":[{"embeddable":true,"href":"https:\/\/lou-jacquemard.fr\/index.php\/wp-json\/wp\/v2\/users\/1"}],"replies":[{"embeddable":true,"href":"https:\/\/lou-jacquemard.fr\/index.php\/wp-json\/wp\/v2\/comments?post=424"}],"version-history":[{"count":119,"href":"https:\/\/lou-jacquemard.fr\/index.php\/wp-json\/wp\/v2\/pages\/424\/revisions"}],"predecessor-version":[{"id":1322,"href":"https:\/\/lou-jacquemard.fr\/index.php\/wp-json\/wp\/v2\/pages\/424\/revisions\/1322"}],"wp:attachment":[{"href":"https:\/\/lou-jacquemard.fr\/index.php\/wp-json\/wp\/v2\/media?parent=424"}],"curies":[{"name":"wp","href":"https:\/\/api.w.org\/{rel}","templated":true}]}}