{"id":375,"date":"2023-11-30T23:47:47","date_gmt":"2023-11-30T22:47:47","guid":{"rendered":"https:\/\/lou-jacquemard.fr\/?page_id=375"},"modified":"2025-11-03T14:34:18","modified_gmt":"2025-11-03T13:34:18","slug":"mes-experiences","status":"publish","type":"page","link":"https:\/\/lou-jacquemard.fr\/index.php\/mes-experiences\/","title":{"rendered":"Projets universitaires"},"content":{"rendered":"\t\t<div data-elementor-type=\"wp-page\" data-elementor-id=\"375\" class=\"elementor elementor-375\">\n\t\t\t\t\t\t\t<div class=\"elementor-element elementor-element-677b0d9 e-flex e-con-boxed e-con e-parent\" data-id=\"677b0d9\" data-element_type=\"container\" data-settings=\"{&quot;content_width&quot;:&quot;boxed&quot;}\" data-core-v316-plus=\"true\">\n\t\t\t\t\t<div class=\"e-con-inner\">\n\t\t\t\t<div class=\"elementor-element elementor-element-233fbef elementor-widget elementor-widget-spacer\" data-id=\"233fbef\" data-element_type=\"widget\" data-widget_type=\"spacer.default\">\n\t\t\t\t<div class=\"elementor-widget-container\">\n\t\t\t<style>\/*! elementor - v3.17.0 - 08-11-2023 *\/\n.elementor-column .elementor-spacer-inner{height:var(--spacer-size)}.e-con{--container-widget-width:100%}.e-con-inner>.elementor-widget-spacer,.e-con>.elementor-widget-spacer{width:var(--container-widget-width,var(--spacer-size));--align-self:var(--container-widget-align-self,initial);--flex-shrink:0}.e-con-inner>.elementor-widget-spacer>.elementor-widget-container,.e-con>.elementor-widget-spacer>.elementor-widget-container{height:100%;width:100%}.e-con-inner>.elementor-widget-spacer>.elementor-widget-container>.elementor-spacer,.e-con>.elementor-widget-spacer>.elementor-widget-container>.elementor-spacer{height:100%}.e-con-inner>.elementor-widget-spacer>.elementor-widget-container>.elementor-spacer>.elementor-spacer-inner,.e-con>.elementor-widget-spacer>.elementor-widget-container>.elementor-spacer>.elementor-spacer-inner{height:var(--container-widget-height,var(--spacer-size))}.e-con-inner>.elementor-widget-spacer.elementor-widget-empty,.e-con>.elementor-widget-spacer.elementor-widget-empty{position:relative;min-height:22px;min-width:22px}.e-con-inner>.elementor-widget-spacer.elementor-widget-empty .elementor-widget-empty-icon,.e-con>.elementor-widget-spacer.elementor-widget-empty .elementor-widget-empty-icon{position:absolute;top:0;bottom:0;left:0;right:0;margin:auto;padding:0;width:22px;height:22px}<\/style>\t\t<div class=\"elementor-spacer\">\n\t\t\t<div class=\"elementor-spacer-inner\"><\/div>\n\t\t<\/div>\n\t\t\t\t<\/div>\n\t\t\t\t<\/div>\n\t\t\t\t<div class=\"elementor-element elementor-element-ad46b36 animated-slow elementor-widget elementor-widget-heading\" data-id=\"ad46b36\" data-element_type=\"widget\" data-settings=\"{&quot;_animation&quot;:&quot;none&quot;}\" data-widget_type=\"heading.default\">\n\t\t\t\t<div class=\"elementor-widget-container\">\n\t\t\t<style>\/*! elementor - v3.17.0 - 08-11-2023 *\/\n.elementor-heading-title{padding:0;margin:0;line-height:1}.elementor-widget-heading .elementor-heading-title[class*=elementor-size-]>a{color:inherit;font-size:inherit;line-height:inherit}.elementor-widget-heading .elementor-heading-title.elementor-size-small{font-size:15px}.elementor-widget-heading .elementor-heading-title.elementor-size-medium{font-size:19px}.elementor-widget-heading .elementor-heading-title.elementor-size-large{font-size:29px}.elementor-widget-heading .elementor-heading-title.elementor-size-xl{font-size:39px}.elementor-widget-heading .elementor-heading-title.elementor-size-xxl{font-size:59px}<\/style><h2 class=\"elementor-heading-title elementor-size-default\">PROJETS UNIVERSITAIRES<\/h2>\t\t<\/div>\n\t\t\t\t<\/div>\n\t\t\t\t<div class=\"elementor-element elementor-element-dde4aab elementor-widget elementor-widget-spacer\" data-id=\"dde4aab\" data-element_type=\"widget\" data-widget_type=\"spacer.default\">\n\t\t\t\t<div class=\"elementor-widget-container\">\n\t\t\t\t\t<div class=\"elementor-spacer\">\n\t\t\t<div class=\"elementor-spacer-inner\"><\/div>\n\t\t<\/div>\n\t\t\t\t<\/div>\n\t\t\t\t<\/div>\n\t\t\t\t\t<\/div>\n\t\t\t\t<\/div>\n\t\t<div class=\"elementor-element elementor-element-5edbd30 e-flex e-con-boxed e-con e-parent\" data-id=\"5edbd30\" data-element_type=\"container\" data-settings=\"{&quot;content_width&quot;:&quot;boxed&quot;}\" data-core-v316-plus=\"true\">\n\t\t\t\t\t<div class=\"e-con-inner\">\n\t\t<div class=\"elementor-element elementor-element-d0433e5 e-con-full e-flex e-con e-child\" data-id=\"d0433e5\" data-element_type=\"container\" data-settings=\"{&quot;content_width&quot;:&quot;full&quot;}\">\n\t\t\t\t<div class=\"elementor-element elementor-element-6a883f5 elementor-widget elementor-widget-heading\" data-id=\"6a883f5\" data-element_type=\"widget\" data-widget_type=\"heading.default\">\n\t\t\t\t<div class=\"elementor-widget-container\">\n\t\t\t<h2 class=\"elementor-heading-title elementor-size-default\">CHARTE GRAPHIQUE<\/h2>\t\t<\/div>\n\t\t\t\t<\/div>\n\t\t\t\t<div class=\"elementor-element elementor-element-9475fdb elementor-widget elementor-widget-text-editor\" data-id=\"9475fdb\" data-element_type=\"widget\" data-widget_type=\"text-editor.default\">\n\t\t\t\t<div class=\"elementor-widget-container\">\n\t\t\t<style>\/*! elementor - v3.17.0 - 08-11-2023 *\/\n.elementor-widget-text-editor.elementor-drop-cap-view-stacked .elementor-drop-cap{background-color:#69727d;color:#fff}.elementor-widget-text-editor.elementor-drop-cap-view-framed .elementor-drop-cap{color:#69727d;border:3px solid;background-color:transparent}.elementor-widget-text-editor:not(.elementor-drop-cap-view-default) .elementor-drop-cap{margin-top:8px}.elementor-widget-text-editor:not(.elementor-drop-cap-view-default) .elementor-drop-cap-letter{width:1em;height:1em}.elementor-widget-text-editor .elementor-drop-cap{float:left;text-align:center;line-height:1;font-size:50px}.elementor-widget-text-editor .elementor-drop-cap-letter{display:inline-block}<\/style>\t\t\t\t<p>J\u2019ai enti\u00e8rement r\u00e9alis\u00e9 une charte graphique et sa papeterie pour Sneapvinyl, une marque fictif que j&rsquo;ai cr\u00e9e. Pour concevoir mon logo et ma papeterie, j\u2019ai utilis\u00e9 Illustrator.<br \/>Puis j\u2019ai cr\u00e9\u00e9 des mock-ups sur Photoshop, afin de les incorporer dans une charte graphique r\u00e9alis\u00e9e sur Indesign.<\/p>\t\t\t\t\t\t<\/div>\n\t\t\t\t<\/div>\n\t\t\t\t<div class=\"elementor-element elementor-element-859ae11 elementor-widget elementor-widget-heading\" data-id=\"859ae11\" data-element_type=\"widget\" data-widget_type=\"heading.default\">\n\t\t\t\t<div class=\"elementor-widget-container\">\n\t\t\t<h2 class=\"elementor-heading-title elementor-size-default\"><a href=\"http:\/\/lou-jacquemard.fr\/wp-content\/uploads\/2023\/12\/Charte-graphique-Lou-Jacquemard-1P2-1.pdf\" target=\"_blank\">Plus d'information<\/a><\/h2>\t\t<\/div>\n\t\t\t\t<\/div>\n\t\t\t\t<\/div>\n\t\t<div class=\"elementor-element elementor-element-5dbaa9a e-con-full e-flex e-con e-child\" data-id=\"5dbaa9a\" data-element_type=\"container\" data-settings=\"{&quot;content_width&quot;:&quot;full&quot;}\">\n\t\t\t\t<div class=\"elementor-element elementor-element-e145fd4 elementor-arrows-position-inside elementor-pagination-position-outside elementor-widget elementor-widget-image-carousel\" data-id=\"e145fd4\" data-element_type=\"widget\" data-settings=\"{&quot;slides_to_show&quot;:&quot;1&quot;,&quot;autoplay_speed&quot;:11000,&quot;effect&quot;:&quot;fade&quot;,&quot;speed&quot;:1000,&quot;navigation&quot;:&quot;both&quot;,&quot;autoplay&quot;:&quot;yes&quot;,&quot;pause_on_hover&quot;:&quot;yes&quot;,&quot;pause_on_interaction&quot;:&quot;yes&quot;,&quot;infinite&quot;:&quot;yes&quot;}\" data-widget_type=\"image-carousel.default\">\n\t\t\t\t<div class=\"elementor-widget-container\">\n\t\t\t<style>\/*! elementor - v3.17.0 - 08-11-2023 *\/\n.elementor-widget-image-carousel .swiper,.elementor-widget-image-carousel .swiper-container{position:static}.elementor-widget-image-carousel .swiper-container .swiper-slide figure,.elementor-widget-image-carousel .swiper .swiper-slide figure{line-height:inherit}.elementor-widget-image-carousel .swiper-slide{text-align:center}.elementor-image-carousel-wrapper:not(.swiper-container-initialized):not(.swiper-initialized) .swiper-slide{max-width:calc(100% \/ var(--e-image-carousel-slides-to-show, 3))}<\/style>\t\t<div class=\"elementor-image-carousel-wrapper swiper\" dir=\"ltr\">\n\t\t\t<div class=\"elementor-image-carousel swiper-wrapper\" aria-live=\"off\">\n\t\t\t\t\t\t\t\t<div class=\"swiper-slide\" role=\"group\" aria-roledescription=\"slide\" aria-label=\"1 sur 3\"><figure class=\"swiper-slide-inner\"><img decoding=\"async\" class=\"swiper-slide-image\" src=\"https:\/\/lou-jacquemard.fr\/wp-content\/uploads\/2023\/11\/Capture-decran-2023-11-30-233032.png\" alt=\"Capture d\u2019\u00e9cran 2023-11-30 233032\" \/><\/figure><\/div><div class=\"swiper-slide\" role=\"group\" aria-roledescription=\"slide\" aria-label=\"2 sur 3\"><figure class=\"swiper-slide-inner\"><img decoding=\"async\" class=\"swiper-slide-image\" src=\"https:\/\/lou-jacquemard.fr\/wp-content\/uploads\/2023\/11\/Capture-decran-2023-11-30-233105.png\" alt=\"Capture d\u2019\u00e9cran 2023-11-30 233105\" \/><\/figure><\/div><div class=\"swiper-slide\" role=\"group\" aria-roledescription=\"slide\" aria-label=\"3 sur 3\"><figure class=\"swiper-slide-inner\"><img decoding=\"async\" class=\"swiper-slide-image\" src=\"https:\/\/lou-jacquemard.fr\/wp-content\/uploads\/2023\/11\/Capture-decran-2023-11-30-233130.png\" alt=\"Capture d\u2019\u00e9cran 2023-11-30 233130\" \/><\/figure><\/div>\t\t\t<\/div>\n\t\t\t\t\t\t\t\t\t\t\t\t<div class=\"elementor-swiper-button elementor-swiper-button-prev\" role=\"button\" tabindex=\"0\">\n\t\t\t\t\t\t<i aria-hidden=\"true\" class=\"eicon-chevron-left\"><\/i>\t\t\t\t\t<\/div>\n\t\t\t\t\t<div class=\"elementor-swiper-button elementor-swiper-button-next\" role=\"button\" tabindex=\"0\">\n\t\t\t\t\t\t<i aria-hidden=\"true\" class=\"eicon-chevron-right\"><\/i>\t\t\t\t\t<\/div>\n\t\t\t\t\n\t\t\t\t\t\t\t\t\t<div class=\"swiper-pagination\"><\/div>\n\t\t\t\t\t\t\t\t\t<\/div>\n\t\t\t\t<\/div>\n\t\t\t\t<\/div>\n\t\t\t\t<\/div>\n\t\t\t\t\t<\/div>\n\t\t\t\t<\/div>\n\t\t<div class=\"elementor-element elementor-element-06d921f e-flex e-con-boxed e-con e-parent\" data-id=\"06d921f\" data-element_type=\"container\" data-settings=\"{&quot;content_width&quot;:&quot;boxed&quot;}\" data-core-v316-plus=\"true\">\n\t\t\t\t\t<div class=\"e-con-inner\">\n\t\t\t\t<div class=\"elementor-element elementor-element-1e745aa elementor-widget elementor-widget-spacer\" data-id=\"1e745aa\" data-element_type=\"widget\" data-widget_type=\"spacer.default\">\n\t\t\t\t<div class=\"elementor-widget-container\">\n\t\t\t\t\t<div class=\"elementor-spacer\">\n\t\t\t<div class=\"elementor-spacer-inner\"><\/div>\n\t\t<\/div>\n\t\t\t\t<\/div>\n\t\t\t\t<\/div>\n\t\t\t\t<div class=\"elementor-element elementor-element-37027a1 elementor-widget elementor-widget-heading\" data-id=\"37027a1\" data-element_type=\"widget\" data-widget_type=\"heading.default\">\n\t\t\t\t<div class=\"elementor-widget-container\">\n\t\t\t<h2 class=\"elementor-heading-title elementor-size-default\">Cr\u00e9ation du logo SNEAPVINYL<\/h2>\t\t<\/div>\n\t\t\t\t<\/div>\n\t\t\t\t<div class=\"elementor-element elementor-element-c8b8945 elementor-widget elementor-widget-spacer\" data-id=\"c8b8945\" data-element_type=\"widget\" data-widget_type=\"spacer.default\">\n\t\t\t\t<div class=\"elementor-widget-container\">\n\t\t\t\t\t<div class=\"elementor-spacer\">\n\t\t\t<div class=\"elementor-spacer-inner\"><\/div>\n\t\t<\/div>\n\t\t\t\t<\/div>\n\t\t\t\t<\/div>\n\t\t\t\t\t<\/div>\n\t\t\t\t<\/div>\n\t\t<div class=\"elementor-element elementor-element-acfbcc8 e-flex e-con-boxed e-con e-parent\" data-id=\"acfbcc8\" data-element_type=\"container\" data-settings=\"{&quot;content_width&quot;:&quot;boxed&quot;}\" data-core-v316-plus=\"true\">\n\t\t\t\t\t<div class=\"e-con-inner\">\n\t\t<div class=\"elementor-element elementor-element-0022887 e-con-full e-flex e-con e-child\" data-id=\"0022887\" data-element_type=\"container\" data-settings=\"{&quot;content_width&quot;:&quot;full&quot;}\">\n\t\t\t\t<div class=\"elementor-element elementor-element-4ca180b elementor-invisible elementor-widget elementor-widget-image\" data-id=\"4ca180b\" data-element_type=\"widget\" data-settings=\"{&quot;_animation&quot;:&quot;fadeIn&quot;}\" data-widget_type=\"image.default\">\n\t\t\t\t<div class=\"elementor-widget-container\">\n\t\t\t<style>\/*! elementor - v3.17.0 - 08-11-2023 *\/\n.elementor-widget-image{text-align:center}.elementor-widget-image a{display:inline-block}.elementor-widget-image a img[src$=\".svg\"]{width:48px}.elementor-widget-image img{vertical-align:middle;display:inline-block}<\/style>\t\t\t\t\t\t\t\t\t\t\t\t<img fetchpriority=\"high\" decoding=\"async\" width=\"375\" height=\"358\" src=\"https:\/\/lou-jacquemard.fr\/wp-content\/uploads\/2023\/12\/Capture-decran-2023-05-06-180135-1.png\" class=\"attachment-large size-large wp-image-516\" alt=\"\" srcset=\"https:\/\/lou-jacquemard.fr\/wp-content\/uploads\/2023\/12\/Capture-decran-2023-05-06-180135-1.png 375w, https:\/\/lou-jacquemard.fr\/wp-content\/uploads\/2023\/12\/Capture-decran-2023-05-06-180135-1-300x286.png 300w\" sizes=\"(max-width: 375px) 100vw, 375px\" \/>\t\t\t\t\t\t\t\t\t\t\t\t\t\t\t<\/div>\n\t\t\t\t<\/div>\n\t\t\t\t<div class=\"elementor-element elementor-element-4f4adfb elementor-widget elementor-widget-heading\" data-id=\"4f4adfb\" data-element_type=\"widget\" data-widget_type=\"heading.default\">\n\t\t\t\t<div class=\"elementor-widget-container\">\n\t\t\t<h2 class=\"elementor-heading-title elementor-size-default\">LOGO MONOCHROME<\/h2>\t\t<\/div>\n\t\t\t\t<\/div>\n\t\t\t\t<div class=\"elementor-element elementor-element-84e3e26 elementor-widget elementor-widget-spacer\" data-id=\"84e3e26\" data-element_type=\"widget\" data-widget_type=\"spacer.default\">\n\t\t\t\t<div class=\"elementor-widget-container\">\n\t\t\t\t\t<div class=\"elementor-spacer\">\n\t\t\t<div class=\"elementor-spacer-inner\"><\/div>\n\t\t<\/div>\n\t\t\t\t<\/div>\n\t\t\t\t<\/div>\n\t\t\t\t<\/div>\n\t\t<div class=\"elementor-element elementor-element-aaa3ee0 e-con-full e-flex e-con e-child\" data-id=\"aaa3ee0\" data-element_type=\"container\" data-settings=\"{&quot;content_width&quot;:&quot;full&quot;}\">\n\t\t\t\t<div class=\"elementor-element elementor-element-d0860a6 elementor-invisible elementor-widget elementor-widget-image\" data-id=\"d0860a6\" data-element_type=\"widget\" data-settings=\"{&quot;_animation&quot;:&quot;fadeIn&quot;}\" data-widget_type=\"image.default\">\n\t\t\t\t<div class=\"elementor-widget-container\">\n\t\t\t\t\t\t\t\t\t\t\t\t\t\t\t<img decoding=\"async\" width=\"646\" height=\"600\" src=\"https:\/\/lou-jacquemard.fr\/wp-content\/uploads\/2023\/12\/logo-couleur-sneapvinyl-e1702159474841.png\" class=\"attachment-large size-large wp-image-517\" alt=\"\" srcset=\"https:\/\/lou-jacquemard.fr\/wp-content\/uploads\/2023\/12\/logo-couleur-sneapvinyl-e1702159474841.png 646w, https:\/\/lou-jacquemard.fr\/wp-content\/uploads\/2023\/12\/logo-couleur-sneapvinyl-e1702159474841-300x279.png 300w\" sizes=\"(max-width: 646px) 100vw, 646px\" \/>\t\t\t\t\t\t\t\t\t\t\t\t\t\t\t<\/div>\n\t\t\t\t<\/div>\n\t\t\t\t<div class=\"elementor-element elementor-element-80a40db elementor-widget elementor-widget-heading\" data-id=\"80a40db\" data-element_type=\"widget\" data-widget_type=\"heading.default\">\n\t\t\t\t<div class=\"elementor-widget-container\">\n\t\t\t<h2 class=\"elementor-heading-title elementor-size-default\">LOGO  EN COULEUR<\/h2>\t\t<\/div>\n\t\t\t\t<\/div>\n\t\t\t\t<\/div>\n\t\t\t\t\t<\/div>\n\t\t\t\t<\/div>\n\t\t<div class=\"elementor-element elementor-element-d1c70d3 e-flex e-con-boxed e-con e-parent\" data-id=\"d1c70d3\" data-element_type=\"container\" data-settings=\"{&quot;content_width&quot;:&quot;boxed&quot;}\" data-core-v316-plus=\"true\">\n\t\t\t\t\t<div class=\"e-con-inner\">\n\t\t<div class=\"elementor-element elementor-element-9aa9190 e-con-full e-flex e-con e-child\" data-id=\"9aa9190\" data-element_type=\"container\" data-settings=\"{&quot;content_width&quot;:&quot;full&quot;}\">\n\t\t\t\t<div class=\"elementor-element elementor-element-24300d5 elementor-widget elementor-widget-heading\" data-id=\"24300d5\" data-element_type=\"widget\" data-widget_type=\"heading.default\">\n\t\t\t\t<div class=\"elementor-widget-container\">\n\t\t\t<h2 class=\"elementor-heading-title elementor-size-default\">Banni\u00e8re<\/h2>\t\t<\/div>\n\t\t\t\t<\/div>\n\t\t\t\t<div class=\"elementor-element elementor-element-e46ddee elementor-widget elementor-widget-text-editor\" data-id=\"e46ddee\" data-element_type=\"widget\" data-widget_type=\"text-editor.default\">\n\t\t\t\t<div class=\"elementor-widget-container\">\n\t\t\t\t\t\t\t<p>En cours, j&rsquo;ai cr\u00e9\u00e9 une banni\u00e8re de site web pour un photographe. Mon design allie esth\u00e9tisme et professionnalisme, illustrant mes comp\u00e9tences en conception graphique et en communication visuelle<\/p>\t\t\t\t\t\t<\/div>\n\t\t\t\t<\/div>\n\t\t\t\t<\/div>\n\t\t<div class=\"elementor-element elementor-element-d93aa72 e-con-full e-flex e-con e-child\" data-id=\"d93aa72\" data-element_type=\"container\" data-settings=\"{&quot;content_width&quot;:&quot;full&quot;}\">\n\t\t\t\t<div class=\"elementor-element elementor-element-2dc17ac elementor-widget elementor-widget-image\" data-id=\"2dc17ac\" data-element_type=\"widget\" data-widget_type=\"image.default\">\n\t\t\t\t<div class=\"elementor-widget-container\">\n\t\t\t\t\t\t\t\t\t\t\t\t\t\t\t<img decoding=\"async\" width=\"1024\" height=\"256\" src=\"https:\/\/lou-jacquemard.fr\/wp-content\/uploads\/2023\/12\/576DD5B8-406A-43EF-9590-0A8B4A24255F-1024x256.jpeg\" class=\"attachment-large size-large wp-image-640\" alt=\"\" srcset=\"https:\/\/lou-jacquemard.fr\/wp-content\/uploads\/2023\/12\/576DD5B8-406A-43EF-9590-0A8B4A24255F-1024x256.jpeg 1024w, https:\/\/lou-jacquemard.fr\/wp-content\/uploads\/2023\/12\/576DD5B8-406A-43EF-9590-0A8B4A24255F-300x75.jpeg 300w, https:\/\/lou-jacquemard.fr\/wp-content\/uploads\/2023\/12\/576DD5B8-406A-43EF-9590-0A8B4A24255F-768x192.jpeg 768w, https:\/\/lou-jacquemard.fr\/wp-content\/uploads\/2023\/12\/576DD5B8-406A-43EF-9590-0A8B4A24255F-1536x384.jpeg 1536w, https:\/\/lou-jacquemard.fr\/wp-content\/uploads\/2023\/12\/576DD5B8-406A-43EF-9590-0A8B4A24255F-2048x512.jpeg 2048w\" sizes=\"(max-width: 1024px) 100vw, 1024px\" \/>\t\t\t\t\t\t\t\t\t\t\t\t\t\t\t<\/div>\n\t\t\t\t<\/div>\n\t\t\t\t<\/div>\n\t\t\t\t\t<\/div>\n\t\t\t\t<\/div>\n\t\t\t\t\t\t\t<\/div>\n\t\t","protected":false},"excerpt":{"rendered":"<p>PROJETS UNIVERSITAIRES CHARTE GRAPHIQUE J\u2019ai enti\u00e8rement r\u00e9alis\u00e9 une charte graphique et sa papeterie pour Sneapvinyl, une marque fictif que j&rsquo;ai cr\u00e9e. Pour concevoir mon logo et ma papeterie, j\u2019ai utilis\u00e9 Illustrator.Puis j\u2019ai cr\u00e9\u00e9 des mock-ups sur Photoshop, afin de les incorporer dans une charte graphique r\u00e9alis\u00e9e sur Indesign. Plus d&rsquo;information Cr\u00e9ation du logo SNEAPVINYL LOGO [&hellip;]<\/p>\n","protected":false},"author":1,"featured_media":0,"parent":0,"menu_order":0,"comment_status":"closed","ping_status":"closed","template":"","meta":{"footnotes":""},"class_list":["post-375","page","type-page","status-publish","hentry"],"yoast_head":"<!-- This site is optimized with the Yoast SEO plugin v21.5 - https:\/\/yoast.com\/wordpress\/plugins\/seo\/ -->\n<title>Projets universitaires - Lou Jacquemard<\/title>\n<meta name=\"robots\" content=\"index, follow, max-snippet:-1, max-image-preview:large, max-video-preview:-1\" \/>\n<link rel=\"canonical\" href=\"https:\/\/lou-jacquemard.fr\/index.php\/mes-experiences\/\" \/>\n<meta property=\"og:locale\" content=\"fr_FR\" \/>\n<meta property=\"og:type\" content=\"article\" \/>\n<meta property=\"og:title\" content=\"Projets universitaires - Lou Jacquemard\" \/>\n<meta property=\"og:description\" content=\"PROJETS UNIVERSITAIRES CHARTE GRAPHIQUE J\u2019ai enti\u00e8rement r\u00e9alis\u00e9 une charte graphique et sa papeterie pour Sneapvinyl, une marque fictif que j&rsquo;ai cr\u00e9e. Pour concevoir mon logo et ma papeterie, j\u2019ai utilis\u00e9 Illustrator.Puis j\u2019ai cr\u00e9\u00e9 des mock-ups sur Photoshop, afin de les incorporer dans une charte graphique r\u00e9alis\u00e9e sur Indesign. Plus d&rsquo;information Cr\u00e9ation du logo SNEAPVINYL LOGO [&hellip;]\" \/>\n<meta property=\"og:url\" content=\"https:\/\/lou-jacquemard.fr\/index.php\/mes-experiences\/\" \/>\n<meta property=\"og:site_name\" content=\"Lou Jacquemard\" \/>\n<meta property=\"article:modified_time\" content=\"2025-11-03T13:34:18+00:00\" \/>\n<meta property=\"og:image\" content=\"http:\/\/lou-jacquemard.fr\/wp-content\/uploads\/2023\/11\/Capture-decran-2023-11-30-233032.png\" \/>\n<meta name=\"twitter:card\" content=\"summary_large_image\" \/>\n<meta name=\"twitter:label1\" content=\"Dur\u00e9e de lecture estim\u00e9e\" \/>\n\t<meta name=\"twitter:data1\" content=\"3 minutes\" \/>\n<script type=\"application\/ld+json\" class=\"yoast-schema-graph\">{\"@context\":\"https:\/\/schema.org\",\"@graph\":[{\"@type\":\"WebPage\",\"@id\":\"https:\/\/lou-jacquemard.fr\/index.php\/mes-experiences\/\",\"url\":\"https:\/\/lou-jacquemard.fr\/index.php\/mes-experiences\/\",\"name\":\"Projets universitaires - Lou Jacquemard\",\"isPartOf\":{\"@id\":\"https:\/\/lou-jacquemard.fr\/#website\"},\"datePublished\":\"2023-11-30T22:47:47+00:00\",\"dateModified\":\"2025-11-03T13:34:18+00:00\",\"breadcrumb\":{\"@id\":\"https:\/\/lou-jacquemard.fr\/index.php\/mes-experiences\/#breadcrumb\"},\"inLanguage\":\"fr-FR\",\"potentialAction\":[{\"@type\":\"ReadAction\",\"target\":[\"https:\/\/lou-jacquemard.fr\/index.php\/mes-experiences\/\"]}]},{\"@type\":\"BreadcrumbList\",\"@id\":\"https:\/\/lou-jacquemard.fr\/index.php\/mes-experiences\/#breadcrumb\",\"itemListElement\":[{\"@type\":\"ListItem\",\"position\":1,\"name\":\"Accueil\",\"item\":\"https:\/\/lou-jacquemard.fr\/\"},{\"@type\":\"ListItem\",\"position\":2,\"name\":\"Projets universitaires\"}]},{\"@type\":\"WebSite\",\"@id\":\"https:\/\/lou-jacquemard.fr\/#website\",\"url\":\"https:\/\/lou-jacquemard.fr\/\",\"name\":\"Lou Jacquemard\",\"description\":\"\",\"publisher\":{\"@id\":\"https:\/\/lou-jacquemard.fr\/#organization\"},\"potentialAction\":[{\"@type\":\"SearchAction\",\"target\":{\"@type\":\"EntryPoint\",\"urlTemplate\":\"https:\/\/lou-jacquemard.fr\/?s={search_term_string}\"},\"query-input\":\"required name=search_term_string\"}],\"inLanguage\":\"fr-FR\"},{\"@type\":\"Organization\",\"@id\":\"https:\/\/lou-jacquemard.fr\/#organization\",\"name\":\"Lou Jacquemard\",\"url\":\"https:\/\/lou-jacquemard.fr\/\",\"logo\":{\"@type\":\"ImageObject\",\"inLanguage\":\"fr-FR\",\"@id\":\"https:\/\/lou-jacquemard.fr\/#\/schema\/logo\/image\/\",\"url\":\"https:\/\/lou-jacquemard.fr\/wp-content\/uploads\/2023\/11\/83794EE3-433F-4FB0-ACD3-2B310F667864-removebg-preview-1.png\",\"contentUrl\":\"https:\/\/lou-jacquemard.fr\/wp-content\/uploads\/2023\/11\/83794EE3-433F-4FB0-ACD3-2B310F667864-removebg-preview-1.png\",\"width\":120,\"height\":124,\"caption\":\"Lou Jacquemard\"},\"image\":{\"@id\":\"https:\/\/lou-jacquemard.fr\/#\/schema\/logo\/image\/\"}}]}<\/script>\n<!-- \/ Yoast SEO plugin. -->","yoast_head_json":{"title":"Projets universitaires - Lou Jacquemard","robots":{"index":"index","follow":"follow","max-snippet":"max-snippet:-1","max-image-preview":"max-image-preview:large","max-video-preview":"max-video-preview:-1"},"canonical":"https:\/\/lou-jacquemard.fr\/index.php\/mes-experiences\/","og_locale":"fr_FR","og_type":"article","og_title":"Projets universitaires - Lou Jacquemard","og_description":"PROJETS UNIVERSITAIRES CHARTE GRAPHIQUE J\u2019ai enti\u00e8rement r\u00e9alis\u00e9 une charte graphique et sa papeterie pour Sneapvinyl, une marque fictif que j&rsquo;ai cr\u00e9e. Pour concevoir mon logo et ma papeterie, j\u2019ai utilis\u00e9 Illustrator.Puis j\u2019ai cr\u00e9\u00e9 des mock-ups sur Photoshop, afin de les incorporer dans une charte graphique r\u00e9alis\u00e9e sur Indesign. Plus d&rsquo;information Cr\u00e9ation du logo SNEAPVINYL LOGO [&hellip;]","og_url":"https:\/\/lou-jacquemard.fr\/index.php\/mes-experiences\/","og_site_name":"Lou Jacquemard","article_modified_time":"2025-11-03T13:34:18+00:00","og_image":[{"url":"http:\/\/lou-jacquemard.fr\/wp-content\/uploads\/2023\/11\/Capture-decran-2023-11-30-233032.png"}],"twitter_card":"summary_large_image","twitter_misc":{"Dur\u00e9e de lecture estim\u00e9e":"3 minutes"},"schema":{"@context":"https:\/\/schema.org","@graph":[{"@type":"WebPage","@id":"https:\/\/lou-jacquemard.fr\/index.php\/mes-experiences\/","url":"https:\/\/lou-jacquemard.fr\/index.php\/mes-experiences\/","name":"Projets universitaires - Lou Jacquemard","isPartOf":{"@id":"https:\/\/lou-jacquemard.fr\/#website"},"datePublished":"2023-11-30T22:47:47+00:00","dateModified":"2025-11-03T13:34:18+00:00","breadcrumb":{"@id":"https:\/\/lou-jacquemard.fr\/index.php\/mes-experiences\/#breadcrumb"},"inLanguage":"fr-FR","potentialAction":[{"@type":"ReadAction","target":["https:\/\/lou-jacquemard.fr\/index.php\/mes-experiences\/"]}]},{"@type":"BreadcrumbList","@id":"https:\/\/lou-jacquemard.fr\/index.php\/mes-experiences\/#breadcrumb","itemListElement":[{"@type":"ListItem","position":1,"name":"Accueil","item":"https:\/\/lou-jacquemard.fr\/"},{"@type":"ListItem","position":2,"name":"Projets universitaires"}]},{"@type":"WebSite","@id":"https:\/\/lou-jacquemard.fr\/#website","url":"https:\/\/lou-jacquemard.fr\/","name":"Lou Jacquemard","description":"","publisher":{"@id":"https:\/\/lou-jacquemard.fr\/#organization"},"potentialAction":[{"@type":"SearchAction","target":{"@type":"EntryPoint","urlTemplate":"https:\/\/lou-jacquemard.fr\/?s={search_term_string}"},"query-input":"required name=search_term_string"}],"inLanguage":"fr-FR"},{"@type":"Organization","@id":"https:\/\/lou-jacquemard.fr\/#organization","name":"Lou Jacquemard","url":"https:\/\/lou-jacquemard.fr\/","logo":{"@type":"ImageObject","inLanguage":"fr-FR","@id":"https:\/\/lou-jacquemard.fr\/#\/schema\/logo\/image\/","url":"https:\/\/lou-jacquemard.fr\/wp-content\/uploads\/2023\/11\/83794EE3-433F-4FB0-ACD3-2B310F667864-removebg-preview-1.png","contentUrl":"https:\/\/lou-jacquemard.fr\/wp-content\/uploads\/2023\/11\/83794EE3-433F-4FB0-ACD3-2B310F667864-removebg-preview-1.png","width":120,"height":124,"caption":"Lou Jacquemard"},"image":{"@id":"https:\/\/lou-jacquemard.fr\/#\/schema\/logo\/image\/"}}]}},"_links":{"self":[{"href":"https:\/\/lou-jacquemard.fr\/index.php\/wp-json\/wp\/v2\/pages\/375","targetHints":{"allow":["GET"]}}],"collection":[{"href":"https:\/\/lou-jacquemard.fr\/index.php\/wp-json\/wp\/v2\/pages"}],"about":[{"href":"https:\/\/lou-jacquemard.fr\/index.php\/wp-json\/wp\/v2\/types\/page"}],"author":[{"embeddable":true,"href":"https:\/\/lou-jacquemard.fr\/index.php\/wp-json\/wp\/v2\/users\/1"}],"replies":[{"embeddable":true,"href":"https:\/\/lou-jacquemard.fr\/index.php\/wp-json\/wp\/v2\/comments?post=375"}],"version-history":[{"count":98,"href":"https:\/\/lou-jacquemard.fr\/index.php\/wp-json\/wp\/v2\/pages\/375\/revisions"}],"predecessor-version":[{"id":1209,"href":"https:\/\/lou-jacquemard.fr\/index.php\/wp-json\/wp\/v2\/pages\/375\/revisions\/1209"}],"wp:attachment":[{"href":"https:\/\/lou-jacquemard.fr\/index.php\/wp-json\/wp\/v2\/media?parent=375"}],"curies":[{"name":"wp","href":"https:\/\/api.w.org\/{rel}","templated":true}]}}