{"id":1004,"date":"2023-12-14T22:09:50","date_gmt":"2023-12-14T21:09:50","guid":{"rendered":"https:\/\/lou-jacquemard.fr\/?page_id=1004"},"modified":"2023-12-14T22:13:55","modified_gmt":"2023-12-14T21:13:55","slug":"mentions-legales","status":"publish","type":"page","link":"https:\/\/lou-jacquemard.fr\/index.php\/mentions-legales\/","title":{"rendered":"Mentions l\u00e9gales"},"content":{"rendered":"\t\t<div data-elementor-type=\"wp-page\" data-elementor-id=\"1004\" class=\"elementor elementor-1004\">\n\t\t\t\t\t\t\t<div class=\"elementor-element elementor-element-afc2833 e-flex e-con-boxed e-con e-parent\" data-id=\"afc2833\" data-element_type=\"container\" data-settings=\"{&quot;content_width&quot;:&quot;boxed&quot;}\" data-core-v316-plus=\"true\">\n\t\t\t\t\t<div class=\"e-con-inner\">\n\t\t\t\t<div class=\"elementor-element elementor-element-e837344 elementor-widget elementor-widget-spacer\" data-id=\"e837344\" data-element_type=\"widget\" data-widget_type=\"spacer.default\">\n\t\t\t\t<div class=\"elementor-widget-container\">\n\t\t\t<style>\/*! elementor - v3.17.0 - 08-11-2023 *\/\n.elementor-column .elementor-spacer-inner{height:var(--spacer-size)}.e-con{--container-widget-width:100%}.e-con-inner>.elementor-widget-spacer,.e-con>.elementor-widget-spacer{width:var(--container-widget-width,var(--spacer-size));--align-self:var(--container-widget-align-self,initial);--flex-shrink:0}.e-con-inner>.elementor-widget-spacer>.elementor-widget-container,.e-con>.elementor-widget-spacer>.elementor-widget-container{height:100%;width:100%}.e-con-inner>.elementor-widget-spacer>.elementor-widget-container>.elementor-spacer,.e-con>.elementor-widget-spacer>.elementor-widget-container>.elementor-spacer{height:100%}.e-con-inner>.elementor-widget-spacer>.elementor-widget-container>.elementor-spacer>.elementor-spacer-inner,.e-con>.elementor-widget-spacer>.elementor-widget-container>.elementor-spacer>.elementor-spacer-inner{height:var(--container-widget-height,var(--spacer-size))}.e-con-inner>.elementor-widget-spacer.elementor-widget-empty,.e-con>.elementor-widget-spacer.elementor-widget-empty{position:relative;min-height:22px;min-width:22px}.e-con-inner>.elementor-widget-spacer.elementor-widget-empty .elementor-widget-empty-icon,.e-con>.elementor-widget-spacer.elementor-widget-empty .elementor-widget-empty-icon{position:absolute;top:0;bottom:0;left:0;right:0;margin:auto;padding:0;width:22px;height:22px}<\/style>\t\t<div class=\"elementor-spacer\">\n\t\t\t<div class=\"elementor-spacer-inner\"><\/div>\n\t\t<\/div>\n\t\t\t\t<\/div>\n\t\t\t\t<\/div>\n\t\t\t\t<div class=\"elementor-element elementor-element-8290977 elementor-widget elementor-widget-heading\" data-id=\"8290977\" data-element_type=\"widget\" data-widget_type=\"heading.default\">\n\t\t\t\t<div class=\"elementor-widget-container\">\n\t\t\t<style>\/*! elementor - v3.17.0 - 08-11-2023 *\/\n.elementor-heading-title{padding:0;margin:0;line-height:1}.elementor-widget-heading .elementor-heading-title[class*=elementor-size-]>a{color:inherit;font-size:inherit;line-height:inherit}.elementor-widget-heading .elementor-heading-title.elementor-size-small{font-size:15px}.elementor-widget-heading .elementor-heading-title.elementor-size-medium{font-size:19px}.elementor-widget-heading .elementor-heading-title.elementor-size-large{font-size:29px}.elementor-widget-heading .elementor-heading-title.elementor-size-xl{font-size:39px}.elementor-widget-heading .elementor-heading-title.elementor-size-xxl{font-size:59px}<\/style><h2 class=\"elementor-heading-title elementor-size-default\">MENTIONS L\u00c9GALES<\/h2>\t\t<\/div>\n\t\t\t\t<\/div>\n\t\t\t\t\t<\/div>\n\t\t\t\t<\/div>\n\t\t<div class=\"elementor-element elementor-element-6c62fa5 e-flex e-con-boxed e-con e-parent\" data-id=\"6c62fa5\" data-element_type=\"container\" data-settings=\"{&quot;content_width&quot;:&quot;boxed&quot;}\" data-core-v316-plus=\"true\">\n\t\t\t\t\t<div class=\"e-con-inner\">\n\t\t\t\t<div class=\"elementor-element elementor-element-6e52dd9 elementor-widget elementor-widget-text-editor\" data-id=\"6e52dd9\" data-element_type=\"widget\" data-widget_type=\"text-editor.default\">\n\t\t\t\t<div class=\"elementor-widget-container\">\n\t\t\t<style>\/*! elementor - v3.17.0 - 08-11-2023 *\/\n.elementor-widget-text-editor.elementor-drop-cap-view-stacked .elementor-drop-cap{background-color:#69727d;color:#fff}.elementor-widget-text-editor.elementor-drop-cap-view-framed .elementor-drop-cap{color:#69727d;border:3px solid;background-color:transparent}.elementor-widget-text-editor:not(.elementor-drop-cap-view-default) .elementor-drop-cap{margin-top:8px}.elementor-widget-text-editor:not(.elementor-drop-cap-view-default) .elementor-drop-cap-letter{width:1em;height:1em}.elementor-widget-text-editor .elementor-drop-cap{float:left;text-align:center;line-height:1;font-size:50px}.elementor-widget-text-editor .elementor-drop-cap-letter{display:inline-block}<\/style>\t\t\t\t<p>MENTIONS LEGALES :<\/p><p>Correspondant aux dispositions des articles 6-III et 19 de la Loi numero 2004-575 du 21 juin 2004 relative \u00e0 la Confiance en l&rsquo;\u00e9conomie num\u00e9rique, dite L.C.E.N., nous portons \u00e0 la connaissance des utilisateurs du site web :\u00a0<a href=\"https:\/\/lou-jacquemard.fr\/\" target=\"_blank\" rel=\"noopener\">lou-jacquemard.fr<\/a>\u00a0Les informations qui suivent :<\/p><p>\u00a0<\/p><p><strong>1. Bulletin l\u00e9gales :<\/strong><\/p><p>Nom du propri\u00e9taire :\u00a0<strong>lou jacquemard<\/strong><br \/>Adresse de localisation du titulaire :\u00a0<strong>38 route de vallerois 70000 &#8211; vellefaux<\/strong><br \/><br \/>Le Fabriquant du site web :\u00a0<strong>jacquemard lou<\/strong><br \/>Le Directeur de la publication est :\u00a0<strong>jacquemard lou<\/strong><br \/>Ou joindre le Chef de publication :\u00a0<strong>lou.jacquemard5@gmail.com<\/strong><br \/><br \/>Le R\u00e9alisateur est :\u00a0<strong>jacquemard lou<\/strong><br \/>Comment entrer en contact avec le Concepteur :\u00a0<strong><a href=\"mailto:lou.jacquemard5@gmail.com?subject=Contact%20a%20partir%20des%20mentions%20l%C3%A9gales%20via%20le%20site%20lou-jacquemard.fr\">lou.jacquemard5@gmail.com<\/a><\/strong><br \/><br \/>Hebergeur du site web : OVH<br \/>SAS au capital social de 10 174 560 Euros<br \/>Registre du commerce et des soci\u00e9t\u00e9s Lille M\u00e9tropole 424 761 419 00045<br \/>Nomenclature APE 2620Z<br \/>N\u00b0 TVA : FR 22 424 761 419<br \/>Si\u00e8ge Sociale de l&rsquo;h\u00e9bergeur : 2 rue Kellermann &#8211; 59100 Roubaix &#8211; France<br \/><br \/><br \/>Ces Mentions L\u00e9gales ont \u00e9t\u00e9 g\u00e9n\u00e9r\u00e9es via\u00a0<strong><a href=\"https:\/\/www.generateur-de-mentions-legales.com\/\" target=\"_blank\" rel=\"noopener\">le g\u00e9n\u00e9rateur de mentions l\u00e9gales<\/a><\/strong><\/p><p>\u00a0<\/p><p>\u00a0<\/p><p>\u00a0<\/p><p><strong>2. Pr\u00e9sentation :<\/strong><\/p><p>Tout internaute qui utilise le site web :\u00a0<a href=\"https:\/\/lou-jacquemard.fr\/\" target=\"_blank\" rel=\"noopener\">lou-jacquemard.fr<\/a>\u00a0est consid\u00e9r\u00e9 comme utilisateur du site internet.<br \/>Le site\u00a0<strong>lou-jacquemard.fr<\/strong>\u00a0regroupe un ensemble de services, dans l&rsquo;\u00e9tat, disponible pour les usage\u00e9. Il est naturellement pr\u00e9cis\u00e9 que ces derniers doivent rester honn\u00eate et faire preuve de bonne foi tant envers les autres usag\u00e9s qu&rsquo;envers le R\u00e9alisateur du site lou-jacquemard.fr. Le site lou-jacquemard.fr est actualis\u00e9 r\u00e9guli\u00e8rement par jacquemard lou.<br \/>jacquemard lou s&rsquo;efforce de prescrire sur le site suivant lou-jacquemard.fr des informations les plus v\u00e9ridiques possibles (sous r\u00e9serve de modifications), mais ne peuvent assurer l&rsquo;exactitude, la compl\u00e9tude et les informations r\u00e9pandu sur son site internet, qu&rsquo;elles soient de son fait ou du fait des tiers partenaires qui lui fournissent ces informations. En r\u00e9percussion, l&rsquo;utilisateur reconna\u00eet utiliser ces informations donn\u00e9es sous son unique responsabilit\u00e9.<\/p><p>\u00a0<\/p><p>\u00a0<\/p><p><strong>3. Accessibilit\u00e9 :<\/strong><br \/><br \/>Le site internet lou-jacquemard.fr est par principe accessible aux utilisateurs 24\/24h, 7\/7j, except\u00e9 en cas de maintenance, programm\u00e9e ou pas, pour les besoins de la maintenance ou force majeure. En cas de service indisponible, lou-jacquemard.fr s&rsquo;engage \u00e0 faire de son mieux afin de r\u00e9tablir l&rsquo;acc\u00e8s au site suivant et tentera alors de communiquer au pr\u00e9alable aux utilisateurs informations de l&rsquo;interruption. N&rsquo;\u00e9tant soumis qu&rsquo;\u00e0 une obligation de moyen, lou-jacquemard.fr ne pourrait \u00eatre design\u00e9 pour responsable des soucis, peu importe sa nature, r\u00e9sultant d&rsquo;une indisponibilit\u00e9 du service<\/p><p>\u00a0<\/p><p>\u00a0<\/p><p><strong>4. Droit de propri\u00e9t\u00e9 intellectuelle :<\/strong><br \/><br \/>jacquemard lou est propri\u00e9taire exclusif de l&rsquo;int\u00e9gralit\u00e9 des droits de propri\u00e9t\u00e9 intellectuelle ou d\u00e9tient les droits d&rsquo;usage sur tous les \u00e9l\u00e9ments accessibles sur le site, tant structurellement que sur les textes, , graphismes, ic\u00f4nes, sons, logiciels\u2026<br \/>Toute reproduction totale ou partielle du site web lou-jacquemard.fr, affichage, edition, adaptation totalement ou partiellement de l&rsquo;un quelconque de ces \u00e9l\u00e9ments, sans tenir compte du moyen ou le proc\u00e9d\u00e9 utilis\u00e9, est formellementinterdite, except\u00e9 acceptation pr\u00e9alable de jacquemard lou, propri\u00e9taire du site internet \u00e0 l&#8217;email : lou.jacquemard5@gmail.com, \u00e0 d\u00e9faut elle sera consid\u00e9r\u00e9e comme constitutive d&rsquo;une contrefa\u00e7on et passible de poursuite conform\u00e9ment aux dispositions des articles L.335-2 et suivants du Code de Propri\u00e9t\u00e9 Intellectuelle.<\/p><p>Toute reproduction site internet lou-jacquemard.fr, affichage, modification, adaptation totalement ou partiellement de l&rsquo;un quelconque de ces \u00e9l\u00e9ments, quel que soit le moyen ou le proc\u00e9d\u00e9 utilis\u00e9, est formellementinterdite, except\u00e9 autorisation pr\u00e9alable de jacquemard lou, directeur du site au mail suivant : lou.jacquemard5@gmail.com, \u00e0 d\u00e9faut elle sera d\u00e9sign\u00e9 comme constitutive d&rsquo;une contrefa\u00e7on \u00e9tant passible de poursuite conform\u00e9ment aux dispositions des multiples articles L.335-2 et suivants du Code de Propri\u00e9t\u00e9 Intellectuelle.<\/p><p>\u00a0<\/p><p><br \/><strong>5. Cookies &amp; Liens Hypertextes :<\/strong><br \/><br \/>Le site internet lou-jacquemard.fr poss\u00e8de diff\u00e9rents URL cliquable vers d&rsquo;autres sites (partenaires, informations etc) mis en place suite \u00e0 l&rsquo;accord de jacquemard lou<a href=\"https:\/\/www.generateur-de-mentions-legales.com\/\"><span style=\"color: #000000;\">.<\/span><\/a>\u00a0Cependant, jacquemard lou n&rsquo;a pas la possibilit\u00e9 de v\u00e9rifier l&rsquo;ensemble du contenu des diff\u00e9rents sites ainsi visit\u00e9s et rejette donc l&rsquo;enti\u00e8re responsabilit\u00e9 de ce fait concernant les risques de contenus interdits.<br \/>L&rsquo;usager est averti que lors de ses navigation sur le site internet lou-jacquemard.fr, un ou de multiples cookies sont capable de s&rsquo;int\u00e9grer m\u00e9caniquement sur son pc gr\u00e2ce \u00e0 son logiciel informatique de navigation. Un cookie est un ensemble de donn\u00e9e qui ne permettra jamais d&rsquo;identifier l&rsquo;utilisateur, mais qui sauvegarde des indications concernant la navigation de celui-ci sur le site web.\u00a0<br \/>Le param\u00e9trage du logiciel de navigation laisse libre de notifier de la compagnie de cookie et potentiellement, de la refuser de la proc\u00e9dure d\u00e9crite \u00e0 l&rsquo; adresse suivante :\u00a0<a href=\"https:\/\/www.lou-jacquemard.fr\/\">www.lou-jacquemard.fr<\/a>. L&rsquo;utilisateur peut n\u00e9anmoins de configurer le navigateur de son ordinateur pour refuser la mise en place des cookies, en sachant que le rebut de la mise en place d&rsquo;un cookie pourrait entra\u00eener l&rsquo;impossibilit\u00e9 d&rsquo;acc\u00e9der \u00e0 diff\u00e9rents services. Pour tout blocage de cookies, tapez dans le moteur de recherche : blocage des cookies et observez les consignes en lien avec votre version de navigateur.<\/p><p><strong>6. Protection des biens &amp; personnes &#8211; Utilisation des donn\u00e9es personnelles :<\/strong><br \/><br \/>En France, les donn\u00e9es personnelles sont notamment prot\u00e9g\u00e9es par la loi n\u00b0 78-87 du 6 janvier 1978 , la loi n\u00b0 2004-801 datant du 6 ao\u00fbt 2004, l&rsquo;article L. 226-13 du Code p\u00e9nal ainsi que la Directive Europ\u00e9enne datant du 24 octobre 1995.<\/p><p>\u00a0<\/p><p>Sur le site interne lou-jacquemard.fr, jacquemard lou ne aucune information personnelles ( suivant l&rsquo;article 4 loi n\u00b078-17 du 06 janvier 1978) concernant l&rsquo;utilisateur que pour le besoin de plusieurs services propos\u00e9s par le site lou-jacquemard.fr. L&rsquo;utilisateur offre les donn\u00e9es en toute conscience de cause, notamment quand il proc\u00e8de par lui-m\u00eame \u00e0 leur saisie. Il est alors r\u00e9sum\u00e9 \u00e0 l&rsquo;utilisateur du site interne lou-jacquemard.fr le devoir ou non de divulguer ces informations.<br \/>Conform\u00e9ment aux dispositions des articles 38 et autres de la loi 78-17 du 6 janvier 1978 concernant l&rsquo;informatique, les fichiers et aux libert\u00e9s, n&rsquo;importe quel utilisateur poss\u00e8de un droit d&rsquo;acc\u00e8s aux informations, de rectification, de suppression et d&rsquo;opposition \u00e0 toutes les donn\u00e9es personnelles le concernant. Pour l&rsquo;exercer, adressez une demande \u00e0 lou-jacquemard.fr par email :\u00a0<strong><a href=\"mailto:lou.jacquemard5@gmail.com?subject=Contact%20%C3%A0%20partir%20des%20mentions%20l%C3%A9gales%20via%20le%20site%20lou-jacquemard.fr\">lou.jacquemard5@gmail.com<\/a><\/strong>\u00a0ou\u00a0via lettre manuscrite\u00a0 sign\u00e9e, accompagn\u00e9e d&rsquo;une copie du titre d&rsquo;identit\u00e9 avec signature du titulaire du document, en mentionnant l&rsquo;adresse \u00e0 laquelle la r\u00e9ponse devra \u00eatre retourn\u00e9e.<\/p><p>Sans information personnelle de l&rsquo;usager du site lou-jacquemard.fr n&rsquo;est publi\u00e9e sans consentemment de l&rsquo;utilisateur, \u00e9chang\u00e9e, transf\u00e9r\u00e9e, c\u00e9d\u00e9e sur n&rsquo;importe quel support \u00e0 des groupes. Seule l&rsquo;hypoth\u00e8se du rachat du site interne lou-jacquemard.fr et de l&rsquo;int\u00e9gralit\u00e9 de ses droits autorise jacquemard lou \u00e0 transmettre les dites informations \u00e0 l&rsquo;\u00e9ventuel acqu\u00e9reur qui serait alors lui-m\u00eame tenu\u00a0\u00e0 la m\u00eame n\u00e9c\u00e9ssit\u00e9 de conservation et de modification des informations concernant l&rsquo;utilisateur du site lou-jacquemard.fr.<br \/>Le site web lou-jacquemard.fr est conforme avec le RGPD voir notre politique RGPD.<\/p><p>Les bases de donn\u00e9es sont prot\u00e9g\u00e9es par les obligations de la loi du 1er juillet 1998 transposant ainsi la directive 96\/9 du 11 mars 1996 relative \u00e0 la protection juridique des bases de donn\u00e9es(BDD).<\/p>\t\t\t\t\t\t<\/div>\n\t\t\t\t<\/div>\n\t\t\t\t\t<\/div>\n\t\t\t\t<\/div>\n\t\t\t\t\t\t\t<\/div>\n\t\t","protected":false},"excerpt":{"rendered":"<p>MENTIONS L\u00c9GALES MENTIONS LEGALES : Correspondant aux dispositions des articles 6-III et 19 de la Loi numero 2004-575 du 21 juin 2004 relative \u00e0 la Confiance en l&rsquo;\u00e9conomie num\u00e9rique, dite L.C.E.N., nous portons \u00e0 la connaissance des utilisateurs du site web :\u00a0lou-jacquemard.fr\u00a0Les informations qui suivent : \u00a0 1. Bulletin l\u00e9gales : Nom du propri\u00e9taire :\u00a0lou [&hellip;]<\/p>\n","protected":false},"author":1,"featured_media":0,"parent":0,"menu_order":0,"comment_status":"closed","ping_status":"closed","template":"","meta":{"footnotes":""},"class_list":["post-1004","page","type-page","status-publish","hentry"],"yoast_head":"<!-- This site is optimized with the Yoast SEO plugin v21.5 - https:\/\/yoast.com\/wordpress\/plugins\/seo\/ -->\n<title>Mentions l\u00e9gales - Lou Jacquemard<\/title>\n<meta name=\"robots\" content=\"index, follow, max-snippet:-1, max-image-preview:large, max-video-preview:-1\" \/>\n<link rel=\"canonical\" href=\"https:\/\/lou-jacquemard.fr\/index.php\/mentions-legales\/\" \/>\n<meta property=\"og:locale\" content=\"fr_FR\" \/>\n<meta property=\"og:type\" content=\"article\" \/>\n<meta property=\"og:title\" content=\"Mentions l\u00e9gales - Lou Jacquemard\" \/>\n<meta property=\"og:description\" content=\"MENTIONS L\u00c9GALES MENTIONS LEGALES : Correspondant aux dispositions des articles 6-III et 19 de la Loi numero 2004-575 du 21 juin 2004 relative \u00e0 la Confiance en l&rsquo;\u00e9conomie num\u00e9rique, dite L.C.E.N., nous portons \u00e0 la connaissance des utilisateurs du site web :\u00a0lou-jacquemard.fr\u00a0Les informations qui suivent : \u00a0 1. Bulletin l\u00e9gales : Nom du propri\u00e9taire :\u00a0lou [&hellip;]\" \/>\n<meta property=\"og:url\" content=\"https:\/\/lou-jacquemard.fr\/index.php\/mentions-legales\/\" \/>\n<meta property=\"og:site_name\" content=\"Lou Jacquemard\" \/>\n<meta property=\"article:modified_time\" content=\"2023-12-14T21:13:55+00:00\" \/>\n<meta name=\"twitter:card\" content=\"summary_large_image\" \/>\n<meta name=\"twitter:label1\" content=\"Dur\u00e9e de lecture estim\u00e9e\" \/>\n\t<meta name=\"twitter:data1\" content=\"6 minutes\" \/>\n<script type=\"application\/ld+json\" class=\"yoast-schema-graph\">{\"@context\":\"https:\/\/schema.org\",\"@graph\":[{\"@type\":\"WebPage\",\"@id\":\"https:\/\/lou-jacquemard.fr\/index.php\/mentions-legales\/\",\"url\":\"https:\/\/lou-jacquemard.fr\/index.php\/mentions-legales\/\",\"name\":\"Mentions l\u00e9gales - Lou Jacquemard\",\"isPartOf\":{\"@id\":\"https:\/\/lou-jacquemard.fr\/#website\"},\"datePublished\":\"2023-12-14T21:09:50+00:00\",\"dateModified\":\"2023-12-14T21:13:55+00:00\",\"breadcrumb\":{\"@id\":\"https:\/\/lou-jacquemard.fr\/index.php\/mentions-legales\/#breadcrumb\"},\"inLanguage\":\"fr-FR\",\"potentialAction\":[{\"@type\":\"ReadAction\",\"target\":[\"https:\/\/lou-jacquemard.fr\/index.php\/mentions-legales\/\"]}]},{\"@type\":\"BreadcrumbList\",\"@id\":\"https:\/\/lou-jacquemard.fr\/index.php\/mentions-legales\/#breadcrumb\",\"itemListElement\":[{\"@type\":\"ListItem\",\"position\":1,\"name\":\"Accueil\",\"item\":\"https:\/\/lou-jacquemard.fr\/\"},{\"@type\":\"ListItem\",\"position\":2,\"name\":\"Mentions l\u00e9gales\"}]},{\"@type\":\"WebSite\",\"@id\":\"https:\/\/lou-jacquemard.fr\/#website\",\"url\":\"https:\/\/lou-jacquemard.fr\/\",\"name\":\"Lou Jacquemard\",\"description\":\"\",\"publisher\":{\"@id\":\"https:\/\/lou-jacquemard.fr\/#organization\"},\"potentialAction\":[{\"@type\":\"SearchAction\",\"target\":{\"@type\":\"EntryPoint\",\"urlTemplate\":\"https:\/\/lou-jacquemard.fr\/?s={search_term_string}\"},\"query-input\":\"required name=search_term_string\"}],\"inLanguage\":\"fr-FR\"},{\"@type\":\"Organization\",\"@id\":\"https:\/\/lou-jacquemard.fr\/#organization\",\"name\":\"Lou Jacquemard\",\"url\":\"https:\/\/lou-jacquemard.fr\/\",\"logo\":{\"@type\":\"ImageObject\",\"inLanguage\":\"fr-FR\",\"@id\":\"https:\/\/lou-jacquemard.fr\/#\/schema\/logo\/image\/\",\"url\":\"https:\/\/lou-jacquemard.fr\/wp-content\/uploads\/2023\/11\/83794EE3-433F-4FB0-ACD3-2B310F667864-removebg-preview-1.png\",\"contentUrl\":\"https:\/\/lou-jacquemard.fr\/wp-content\/uploads\/2023\/11\/83794EE3-433F-4FB0-ACD3-2B310F667864-removebg-preview-1.png\",\"width\":120,\"height\":124,\"caption\":\"Lou Jacquemard\"},\"image\":{\"@id\":\"https:\/\/lou-jacquemard.fr\/#\/schema\/logo\/image\/\"}}]}<\/script>\n<!-- \/ Yoast SEO plugin. -->","yoast_head_json":{"title":"Mentions l\u00e9gales - Lou Jacquemard","robots":{"index":"index","follow":"follow","max-snippet":"max-snippet:-1","max-image-preview":"max-image-preview:large","max-video-preview":"max-video-preview:-1"},"canonical":"https:\/\/lou-jacquemard.fr\/index.php\/mentions-legales\/","og_locale":"fr_FR","og_type":"article","og_title":"Mentions l\u00e9gales - Lou Jacquemard","og_description":"MENTIONS L\u00c9GALES MENTIONS LEGALES : Correspondant aux dispositions des articles 6-III et 19 de la Loi numero 2004-575 du 21 juin 2004 relative \u00e0 la Confiance en l&rsquo;\u00e9conomie num\u00e9rique, dite L.C.E.N., nous portons \u00e0 la connaissance des utilisateurs du site web :\u00a0lou-jacquemard.fr\u00a0Les informations qui suivent : \u00a0 1. Bulletin l\u00e9gales : Nom du propri\u00e9taire :\u00a0lou [&hellip;]","og_url":"https:\/\/lou-jacquemard.fr\/index.php\/mentions-legales\/","og_site_name":"Lou Jacquemard","article_modified_time":"2023-12-14T21:13:55+00:00","twitter_card":"summary_large_image","twitter_misc":{"Dur\u00e9e de lecture estim\u00e9e":"6 minutes"},"schema":{"@context":"https:\/\/schema.org","@graph":[{"@type":"WebPage","@id":"https:\/\/lou-jacquemard.fr\/index.php\/mentions-legales\/","url":"https:\/\/lou-jacquemard.fr\/index.php\/mentions-legales\/","name":"Mentions l\u00e9gales - Lou Jacquemard","isPartOf":{"@id":"https:\/\/lou-jacquemard.fr\/#website"},"datePublished":"2023-12-14T21:09:50+00:00","dateModified":"2023-12-14T21:13:55+00:00","breadcrumb":{"@id":"https:\/\/lou-jacquemard.fr\/index.php\/mentions-legales\/#breadcrumb"},"inLanguage":"fr-FR","potentialAction":[{"@type":"ReadAction","target":["https:\/\/lou-jacquemard.fr\/index.php\/mentions-legales\/"]}]},{"@type":"BreadcrumbList","@id":"https:\/\/lou-jacquemard.fr\/index.php\/mentions-legales\/#breadcrumb","itemListElement":[{"@type":"ListItem","position":1,"name":"Accueil","item":"https:\/\/lou-jacquemard.fr\/"},{"@type":"ListItem","position":2,"name":"Mentions l\u00e9gales"}]},{"@type":"WebSite","@id":"https:\/\/lou-jacquemard.fr\/#website","url":"https:\/\/lou-jacquemard.fr\/","name":"Lou Jacquemard","description":"","publisher":{"@id":"https:\/\/lou-jacquemard.fr\/#organization"},"potentialAction":[{"@type":"SearchAction","target":{"@type":"EntryPoint","urlTemplate":"https:\/\/lou-jacquemard.fr\/?s={search_term_string}"},"query-input":"required name=search_term_string"}],"inLanguage":"fr-FR"},{"@type":"Organization","@id":"https:\/\/lou-jacquemard.fr\/#organization","name":"Lou Jacquemard","url":"https:\/\/lou-jacquemard.fr\/","logo":{"@type":"ImageObject","inLanguage":"fr-FR","@id":"https:\/\/lou-jacquemard.fr\/#\/schema\/logo\/image\/","url":"https:\/\/lou-jacquemard.fr\/wp-content\/uploads\/2023\/11\/83794EE3-433F-4FB0-ACD3-2B310F667864-removebg-preview-1.png","contentUrl":"https:\/\/lou-jacquemard.fr\/wp-content\/uploads\/2023\/11\/83794EE3-433F-4FB0-ACD3-2B310F667864-removebg-preview-1.png","width":120,"height":124,"caption":"Lou Jacquemard"},"image":{"@id":"https:\/\/lou-jacquemard.fr\/#\/schema\/logo\/image\/"}}]}},"_links":{"self":[{"href":"https:\/\/lou-jacquemard.fr\/index.php\/wp-json\/wp\/v2\/pages\/1004","targetHints":{"allow":["GET"]}}],"collection":[{"href":"https:\/\/lou-jacquemard.fr\/index.php\/wp-json\/wp\/v2\/pages"}],"about":[{"href":"https:\/\/lou-jacquemard.fr\/index.php\/wp-json\/wp\/v2\/types\/page"}],"author":[{"embeddable":true,"href":"https:\/\/lou-jacquemard.fr\/index.php\/wp-json\/wp\/v2\/users\/1"}],"replies":[{"embeddable":true,"href":"https:\/\/lou-jacquemard.fr\/index.php\/wp-json\/wp\/v2\/comments?post=1004"}],"version-history":[{"count":7,"href":"https:\/\/lou-jacquemard.fr\/index.php\/wp-json\/wp\/v2\/pages\/1004\/revisions"}],"predecessor-version":[{"id":1011,"href":"https:\/\/lou-jacquemard.fr\/index.php\/wp-json\/wp\/v2\/pages\/1004\/revisions\/1011"}],"wp:attachment":[{"href":"https:\/\/lou-jacquemard.fr\/index.php\/wp-json\/wp\/v2\/media?parent=1004"}],"curies":[{"name":"wp","href":"https:\/\/api.w.org\/{rel}","templated":true}]}}